{"id":137,"date":"2016-07-01T14:44:47","date_gmt":"2016-07-01T21:44:47","guid":{"rendered":"http:\/\/quattromx.com\/main\/?page_id=137"},"modified":"2016-07-27T14:22:30","modified_gmt":"2016-07-27T21:22:30","slug":"nosotros","status":"publish","type":"page","link":"https:\/\/quattromx.com\/main\/nosotros\/","title":{"rendered":"NOSOTROS"},"content":{"rendered":"<div class=\"wpb-content-wrapper\"><p>[vc_row full_width=\u00bbstretch_row\u00bb][vc_column]<section class=\"cover  image-slider slider-all-controls controls-inside parallax\" style=\"height: 700px;\"><ul class=\"slides\"><li class=\"overlay image-bg\" style=\"height: 700px;\"><div class=\"background-image-holder\"><img loading=\"lazy\" decoding=\"async\" width=\"1500\" height=\"703\" src=\"https:\/\/quattromx.com\/main\/wp-content\/uploads\/2016\/07\/Banner_Nosotros-1.jpg\" class=\"background-image\" alt=\"\" srcset=\"https:\/\/quattromx.com\/main\/wp-content\/uploads\/2016\/07\/Banner_Nosotros-1.jpg 1500w, https:\/\/quattromx.com\/main\/wp-content\/uploads\/2016\/07\/Banner_Nosotros-1-300x141.jpg 300w, https:\/\/quattromx.com\/main\/wp-content\/uploads\/2016\/07\/Banner_Nosotros-1-768x360.jpg 768w, https:\/\/quattromx.com\/main\/wp-content\/uploads\/2016\/07\/Banner_Nosotros-1-1024x480.jpg 1024w\" sizes=\"auto, (max-width: 1500px) 100vw, 1500px\" \/><\/div>\t\n\t\t    <div class=\"container v-align-transform\">\n\t\t        <div class=\"row\">\n\t\t            <div class=\"col-md-12 col-sm-12\">\n\t\t                <\/p>\n<p style=\"text-align: center; padding-bottom: 20px;\">\u00a0<img loading=\"lazy\" decoding=\"async\" class=\"size-medium wp-image-39 aligncenter\" src=\"http:\/\/quattromx.com\/main\/wp-content\/uploads\/2016\/06\/Banner-SlideLogo-300x57.png\" alt=\"Banner-SlideLogo\" width=\"300\" height=\"57\" srcset=\"https:\/\/quattromx.com\/main\/wp-content\/uploads\/2016\/06\/Banner-SlideLogo-300x57.png 300w, https:\/\/quattromx.com\/main\/wp-content\/uploads\/2016\/06\/Banner-SlideLogo.png 389w\" sizes=\"auto, (max-width: 300px) 100vw, 300px\" \/><\/p>\n<div class=\"espacio\"><\/div>\n<h4 style=\"text-align: center;\">Somos una Firma de Asesor\u00eda Corporativa localizada en Tijuana, Baja\u00a0California.<br \/>\nContamos con un enfoque directo para lograr el \u00e9xito de nuestros clientes\u00a0con<br \/>\nsoluciones a gran escala y manejo de proyectos\u00a0de manera personalizada.<\/h4>\n<p>\n\n\t\t            <\/div>\n\t\t        <\/div>\n\t\t    <\/div>\n\t\t<\/li><\/ul><\/section>[\/vc_column][\/vc_row][vc_row equal_height=\u00bbyes\u00bb foundry_parallax=\u00bbnot-parallax\u00bb css=\u00bb.vc_custom_1467418703359{background-image: url(http:\/\/quattromx.com\/main\/wp-content\/uploads\/2016\/06\/Banner_Conocenos2.jpg?id=246) !important;background-position: center !important;background-repeat: no-repeat !important;background-size: cover !important;}\u00bb][vc_column][vc_row_inner][vc_column_inner width=\u00bb1\/4&#8243;][vc_column_text]<\/p>\n<h4 style=\"text-align: center;\"><\/h4>\n<h4 style=\"text-align: center;\"><span style=\"color: #31d4a9;\"><strong>MISI\u00d3N<\/strong><\/span><\/h4>\n<p>[\/vc_column_text][\/vc_column_inner][vc_column_inner width=\u00bb3\/4&#8243;][vc_column_text]<\/p>\n<h5 style=\"text-align: justify;\"><span style=\"color: #ffffff;\">Ser una Firma de Consultor\u00eda Empresarial que mediante sus servicios brinde a sus clientes seguridad, confianza, control, asesoramiento y soluciones de la mas alta calidad, permitiendo que se fortalezcan y desarrollen dentro su mercado, incrementando as\u00ed su rentabilidad y sus resultados.<\/span><\/h5>\n<p>[\/vc_column_text][\/vc_column_inner][\/vc_row_inner][vc_row_inner][vc_column_inner width=\u00bb1\/4&#8243;][vc_empty_space height=\u00bb9px\u00bb][vc_column_text]<\/p>\n<h4 style=\"text-align: center;\"><span style=\"color: #31d4a9;\"><strong>VISI\u00d3N<\/strong><\/span><\/h4>\n<p>[\/vc_column_text][\/vc_column_inner][vc_column_inner width=\u00bb3\/4&#8243;][vc_column_text]<\/p>\n<h5 style=\"text-align: justify;\"><span style=\"color: #ffffff;\">Convertirnos en una de las principales Firmas a nivel nacional mediante la mejora continua de la calidad en los servicios que brindamos a nuestros clientes.<\/span><\/h5>\n<p>[\/vc_column_text][\/vc_column_inner][\/vc_row_inner][vc_row_inner][vc_column_inner width=\u00bb1\/4&#8243;][vc_column_text]<\/p>\n<h4 style=\"text-align: center;\"><\/h4>\n<h4 style=\"text-align: center;\"><span style=\"color: #31d4a9;\"><strong>VALORES<\/strong><\/span><\/h4>\n<p>[\/vc_column_text][\/vc_column_inner][vc_column_inner width=\u00bb3\/4&#8243;][vc_column_text]<\/p>\n<h5 style=\"text-align: justify;\"><span style=\"color: #ffffff;\">Para nosotros los valores juegan un rol muy importante dentro de nuestro desempe\u00f1o en el d\u00eda a d\u00eda, algunos de los valores que nos describen son; Honestidad, \u00c9tica, Responsabilidad, Disciplina y Puntualidad.<\/span><\/h5>\n<p>[\/vc_column_text][\/vc_column_inner][\/vc_row_inner][\/vc_column][\/vc_row][vc_row equal_height=\u00bbyes\u00bb css=\u00bb.vc_custom_1467410896367{background-image: url(http:\/\/quattromx.com\/main\/wp-content\/uploads\/2016\/07\/Banner_-NosotrosEquipoBackground.jpg?id=140) !important;background-position: center !important;background-repeat: no-repeat !important;background-size: cover !important;}\u00bb][vc_column][vc_column_text]<\/p>\n<h3><span style=\"color: #31d4a9;\">NOSOTROS<\/span><\/h3>\n<p>[\/vc_column_text][vc_row_inner el_class=\u00bbintegrantes\u00bb][vc_column_inner width=\u00bb1\/3&#8243;][vc_column_text]<img loading=\"lazy\" decoding=\"async\" class=\"size-full wp-image-449 aligncenter\" src=\"http:\/\/quattromx.com\/main\/wp-content\/uploads\/2016\/07\/Gil2.png\" alt=\"Gil2\" width=\"200\" height=\"200\" srcset=\"https:\/\/quattromx.com\/main\/wp-content\/uploads\/2016\/07\/Gil2.png 200w, https:\/\/quattromx.com\/main\/wp-content\/uploads\/2016\/07\/Gil2-150x150.png 150w, https:\/\/quattromx.com\/main\/wp-content\/uploads\/2016\/07\/Gil2-60x60.png 60w\" sizes=\"auto, (max-width: 200px) 100vw, 200px\" \/>[\/vc_column_text]<div class=\"modal-container text-center\"><a class=\"btn btn-lg btn-modal\" href=\"#\" modal-link=\"nosotros1\"><i class=\"\"><\/i> GILBERTO PRADO<\/a><\/div>[\/vc_column_inner][vc_column_inner width=\u00bb1\/3&#8243;][vc_column_text]<img loading=\"lazy\" decoding=\"async\" class=\"size-full wp-image-452 aligncenter\" src=\"http:\/\/quattromx.com\/main\/wp-content\/uploads\/2016\/07\/Felipe2.png\" alt=\"Felipe2\" width=\"200\" height=\"200\" srcset=\"https:\/\/quattromx.com\/main\/wp-content\/uploads\/2016\/07\/Felipe2.png 200w, https:\/\/quattromx.com\/main\/wp-content\/uploads\/2016\/07\/Felipe2-150x150.png 150w, https:\/\/quattromx.com\/main\/wp-content\/uploads\/2016\/07\/Felipe2-60x60.png 60w\" sizes=\"auto, (max-width: 200px) 100vw, 200px\" \/>[\/vc_column_text]<div class=\"modal-container text-center\"><a class=\"btn btn-lg btn-modal\" href=\"#\" modal-link=\"7198\"><i class=\"\"><\/i> FELIPE ORTEGA<\/a><\/div>[\/vc_column_inner][vc_column_inner width=\u00bb1\/3&#8243;][vc_column_text]<img loading=\"lazy\" decoding=\"async\" class=\"size-full wp-image-450 aligncenter\" src=\"http:\/\/quattromx.com\/main\/wp-content\/uploads\/2016\/07\/Juan2.png\" alt=\"Juan2\" width=\"200\" height=\"200\" srcset=\"https:\/\/quattromx.com\/main\/wp-content\/uploads\/2016\/07\/Juan2.png 200w, https:\/\/quattromx.com\/main\/wp-content\/uploads\/2016\/07\/Juan2-150x150.png 150w, https:\/\/quattromx.com\/main\/wp-content\/uploads\/2016\/07\/Juan2-60x60.png 60w\" sizes=\"auto, (max-width: 200px) 100vw, 200px\" \/>[\/vc_column_text]<div class=\"modal-container text-center\"><a class=\"btn btn-lg btn-modal\" href=\"#\" modal-link=\"3211\"><i class=\"\"><\/i> JUAN IBARRA<\/a><\/div>[\/vc_column_inner][\/vc_row_inner][\/vc_column][\/vc_row]<\/p>\n<\/div>","protected":false},"excerpt":{"rendered":"<p>[vc_row full_width=\u00bbstretch_row\u00bb][vc_column][\/vc_column][\/vc_row][vc_row equal_height=\u00bbyes\u00bb foundry_parallax=\u00bbnot-parallax\u00bb css=\u00bb.vc_custom_1467418703359{background-image: url(http:\/\/quattromx.com\/main\/wp-content\/uploads\/2016\/06\/Banner_Conocenos2.jpg?id=246) !important;background-position: center !important;background-repeat: no-repeat !important;background-size: cover !important;}\u00bb][vc_column][vc_row_inner][vc_column_inner width=\u00bb1\/4&#8243;][vc_column_text] MISI\u00d3N [\/vc_column_text][\/vc_column_inner][vc_column_inner width=\u00bb3\/4&#8243;][vc_column_text] Ser una Firma de&#8230;<\/p>\n","protected":false},"author":1,"featured_media":0,"parent":0,"menu_order":0,"comment_status":"closed","ping_status":"closed","template":"","meta":{"jetpack_post_was_ever_published":false,"footnotes":""},"class_list":["post-137","page","type-page","status-publish","hentry"],"jetpack_sharing_enabled":true,"jetpack_shortlink":"https:\/\/wp.me\/P7L5kY-2d","_links":{"self":[{"href":"https:\/\/quattromx.com\/main\/wp-json\/wp\/v2\/pages\/137","targetHints":{"allow":["GET"]}}],"collection":[{"href":"https:\/\/quattromx.com\/main\/wp-json\/wp\/v2\/pages"}],"about":[{"href":"https:\/\/quattromx.com\/main\/wp-json\/wp\/v2\/types\/page"}],"author":[{"embeddable":true,"href":"https:\/\/quattromx.com\/main\/wp-json\/wp\/v2\/users\/1"}],"replies":[{"embeddable":true,"href":"https:\/\/quattromx.com\/main\/wp-json\/wp\/v2\/comments?post=137"}],"version-history":[{"count":58,"href":"https:\/\/quattromx.com\/main\/wp-json\/wp\/v2\/pages\/137\/revisions"}],"predecessor-version":[{"id":454,"href":"https:\/\/quattromx.com\/main\/wp-json\/wp\/v2\/pages\/137\/revisions\/454"}],"wp:attachment":[{"href":"https:\/\/quattromx.com\/main\/wp-json\/wp\/v2\/media?parent=137"}],"curies":[{"name":"wp","href":"https:\/\/api.w.org\/{rel}","templated":true}]}}