{"id":173,"date":"2016-07-01T15:16:18","date_gmt":"2016-07-01T22:16:18","guid":{"rendered":"http:\/\/quattromx.com\/main\/?page_id=173"},"modified":"2016-07-27T14:01:19","modified_gmt":"2016-07-27T21:01:19","slug":"servicios","status":"publish","type":"page","link":"https:\/\/quattromx.com\/main\/servicios\/","title":{"rendered":"SERVICIOS"},"content":{"rendered":"<div class=\"wpb-content-wrapper\"><p>[vc_row full_width=\u00bbstretch_row\u00bb full_height=\u00bbyes\u00bb equal_height=\u00bbyes\u00bb foundry_padding=\u00bbpt0 pb0&#8243; css=\u00bb.vc_custom_1467411363790{background-image: url(http:\/\/quattromx.com\/main\/wp-content\/uploads\/2016\/07\/Banner_Servicios.jpg?id=177) !important;background-position: center !important;background-repeat: no-repeat !important;background-size: cover !important;}\u00bb][vc_column][vc_row_inner][vc_column_inner offset=\u00bbvc_hidden-md vc_hidden-sm vc_hidden-xs\u00bb][vc_empty_space height=\u00bb180px\u00bb][\/vc_column_inner][\/vc_row_inner][vc_row_inner][vc_column_inner width=\u00bb1\/6&#8243;][\/vc_column_inner][vc_column_inner width=\u00bb2\/3&#8243;][vc_column_text]<\/p>\n<h2><span style=\"color: #31d5aa;\">NUESTROS SERVICIOS<\/span><\/h2>\n<p>[\/vc_column_text][\/vc_column_inner][vc_column_inner width=\u00bb1\/6&#8243;][\/vc_column_inner][\/vc_row_inner][vc_row_inner][vc_column_inner offset=\u00bbvc_hidden-md vc_hidden-sm vc_hidden-xs\u00bb][vc_empty_space height=\u00bb80px\u00bb][\/vc_column_inner][\/vc_row_inner][vc_row_inner el_class=\u00bbfondotransparente\u00bb][vc_column_inner width=\u00bb1\/6&#8243;][\/vc_column_inner][vc_column_inner width=\u00bb1\/6&#8243;][vc_column_text]<\/p>\n<p style=\"text-align: center;\"><a class=\"btn\" href=\"#fiscal\">FISCAL<\/a><\/p>\n<p>[\/vc_column_text][\/vc_column_inner][vc_column_inner width=\u00bb1\/6&#8243;][vc_column_text]<\/p>\n<p style=\"text-align: center;\"><a class=\"btn\" href=\"#legal\">LEGAL<\/a><\/p>\n<p>[\/vc_column_text][\/vc_column_inner][vc_column_inner width=\u00bb1\/6&#8243;][vc_column_text]<\/p>\n<p style=\"text-align: center;\"><a class=\"btn\" href=\"#auditoria\">AUDITOR\u00cdA<\/a><\/p>\n<p>[\/vc_column_text][\/vc_column_inner][vc_column_inner width=\u00bb1\/6&#8243;][vc_column_text]<\/p>\n<p style=\"text-align: center;\"><a class=\"btn\" href=\"#comercioexterior\">COMERCIO EXTERIOR<\/a><\/p>\n<p>[\/vc_column_text][\/vc_column_inner][vc_column_inner width=\u00bb1\/6&#8243;][\/vc_column_inner][\/vc_row_inner][\/vc_column][\/vc_row][vc_row foundry_padding=\u00bbpb0&#8243; el_id=\u00bbfiscal\u00bb][vc_column width=\u00bb1\/2&#8243;][vc_empty_space height=\u00bb46px\u00bb][vc_column_text]<img loading=\"lazy\" decoding=\"async\" class=\"alignnone size-full wp-image-289\" src=\"http:\/\/quattromx.com\/main\/wp-content\/uploads\/2016\/07\/Fiscal-1.png\" alt=\"Fiscal\" width=\"700\" height=\"700\" srcset=\"https:\/\/quattromx.com\/main\/wp-content\/uploads\/2016\/07\/Fiscal-1.png 700w, https:\/\/quattromx.com\/main\/wp-content\/uploads\/2016\/07\/Fiscal-1-150x150.png 150w, https:\/\/quattromx.com\/main\/wp-content\/uploads\/2016\/07\/Fiscal-1-300x300.png 300w, https:\/\/quattromx.com\/main\/wp-content\/uploads\/2016\/07\/Fiscal-1-60x60.png 60w, https:\/\/quattromx.com\/main\/wp-content\/uploads\/2016\/07\/Fiscal-1-500x500.png 500w\" sizes=\"auto, (max-width: 700px) 100vw, 700px\" \/>[\/vc_column_text][\/vc_column][vc_column width=\u00bb1\/2&#8243;][vc_column_text]<\/p>\n<h4><span style=\"color: #31d4a9;\">FISCAL<\/span><\/h4>\n<p style=\"text-align: justify;\">Contamos con una amplia trayectoria y alcance en materia de consultor\u00eda fiscal. Durante a\u00f1os, nuestros especialistas han brindado categ\u00f3ricamente soluciones para atender este aspecto fundamental en la actividad empresarial bajo una visi\u00f3n financiera, contable y legal que permite el an\u00e1lisis integral al amparo de un grupo de profesionales de vanguardia altamente calificados.<\/p>\n<p>Ofrecemos a nuestros clientes servicios integrales que incluyen:[\/vc_column_text]<ul class=\"accordion accordion-1 one-open\">\n\t\t<li>\n\t\t    <div class=\"title\">\n\t\t        <span>FISCAL<\/span>\n\t\t    <\/div>\n\t\t    <div class=\"content\">\n\t\t        <\/p>\n<div class=\"espacio2\"><\/div>\n<ul class=\"listado\">\n<li>Asesor\u00eda fiscal continua<\/li>\n<li>Diagn\u00f3stico fiscal-contable-legal<\/li>\n<li>Reestructuraci\u00f3n de empresas<\/li>\n<li>Recuperaci\u00f3n y aplicaci\u00f3n de contribuciones<\/li>\n<li>Impuestos a expatriados<\/li>\n<li>Consultas fiscales<\/li>\n<li>Atenci\u00f3n a auditor\u00edas del gobierno<\/li>\n<\/ul>\n<p>\n\n\t\t    <\/div>\n\t\t<\/li>\n\t\n\t\t<li>\n\t\t    <div class=\"title\">\n\t\t        <span>PRECIOS DE TRANSFERENCIA<\/span>\n\t\t    <\/div>\n\t\t    <div class=\"content\">\n\t\t        <\/p>\n<div class=\"espacio2\"><\/div>\n<ul class=\"listado\">\n<li>\u00a0Estudios de precios de transferencia<\/li>\n<li>Acuerdos de Precios Anticiapdos (APA)<\/li>\n<li>Evaluaci\u00f3n de riesgos en PT<\/li>\n<li>Declaraciones informativas<\/li>\n<\/ul>\n<p>\n\n\t\t    <\/div>\n\t\t<\/li>\n\t\n\t\t<li>\n\t\t    <div class=\"title\">\n\t\t        <span>CONTABLE<\/span>\n\t\t    <\/div>\n\t\t    <div class=\"content\">\n\t\t        <\/p>\n<div class=\"espacio2\"><\/div>\n<ul class=\"listado\">\n<li>Servicio de contabilidad<\/li>\n<li>Servicio de n\u00f3mina<\/li>\n<li>Reestructuraci\u00f3n del \u00e1rea contable<\/li>\n<\/ul>\n<p>\n\n\t\t    <\/div>\n\t\t<\/li>\n\t<\/ul>[\/vc_column][\/vc_row][vc_row foundry_padding=\u00bbpt64 pb64&#8243; el_id=\u00bblegal\u00bb][vc_column width=\u00bb1\/2&#8243;][vc_column_text]<\/p>\n<h4><span style=\"color: #31d4a9;\"><strong>LEGAL<\/strong><\/span><\/h4>\n<p style=\"text-align: justify;\">Quattro _Consultoria Empresarial cuenta con especialistas experimentados que colaboran con nuestros clientes a cumplir e interpretar adecuadamente la normatividad vigente, as\u00ed como implementar estrategias legales efectivas en el \u00e1mbito corporativo y tributario para el correcto cumplimiento de sus obligaciones legales y fiscales.<\/p>\n<p>Ofrecemos a nuestros clientes servicios integrales que incluyen:<\/p>\n<p>[\/vc_column_text]<ul class=\"accordion accordion-1 one-open\">\n\t\t<li>\n\t\t    <div class=\"title\">\n\t\t        <span>CORPORATIVO<\/span>\n\t\t    <\/div>\n\t\t    <div class=\"content\">\n\t\t        <\/p>\n<div class=\"espacio2\"><\/div>\n<ul class=\"listado\">\n<li>Constituci\u00f3n de sociedades mercantiles y civiles.<\/li>\n<li>Elaboraci\u00f3n de actas de asambleas corporativas.<\/li>\n<li>Fusi\u00f3n y escisi\u00f3n de sociedades.<\/li>\n<li>Elaboraci\u00f3n de los Libros Sociales.<\/li>\n<li>Elaboraci\u00f3n de todo tipo de contratos.<\/li>\n<li>Asesor\u00eda en la celebraci\u00f3n de todo tipo de contratos.<\/li>\n<li>Elaboraci\u00f3n de contratos.<\/li>\n<li>Registro de marcas, patentes, avisos y nombres comerciales.<\/li>\n<li>Asesor\u00eda jur\u00eddica en licitaciones p\u00fablicas.<\/li>\n<\/ul>\n<p>\n\n\t\t    <\/div>\n\t\t<\/li>\n\t\n\t\t<li>\n\t\t    <div class=\"title\">\n\t\t        <span>FISCAL<\/span>\n\t\t    <\/div>\n\t\t    <div class=\"content\">\n\t\t        <\/p>\n<div class=\"espacio2\">\n<ul class=\"listado\">\n<li>Defensa legal en materia fiscal, aduanera y seguridad social<\/li>\n<li>Defensa fiscal contra la liquidaci\u00f3n de cr\u00e9ditos fiscales.<\/li>\n<li>Juicio de Amparo en contra leyes y reformas tributarias.<\/li>\n<li>Defensa fiscal en contra del procedimientos aduaneros.<\/li>\n<li>Asesor\u00eda jur\u00eddico-fiscal en auditorias fiscales.<\/li>\n<li>Asesor\u00eda y Defensa contra embargo de cuentas bancarias.<\/li>\n<li>Asesor\u00eda y Defensa contra cancelaci\u00f3n de sellos digitales.<\/li>\n<\/ul>\n<\/div>\n<p>\n\n\t\t    <\/div>\n\t\t<\/li>\n\t<\/ul>[\/vc_column][vc_column width=\u00bb1\/2&#8243; offset=\u00bbvc_hidden-md vc_hidden-sm vc_hidden-xs\u00bb][vc_empty_space height=\u00bb46px\u00bb][vc_column_text]<img loading=\"lazy\" decoding=\"async\" class=\"alignnone size-full wp-image-288\" src=\"http:\/\/quattromx.com\/main\/wp-content\/uploads\/2016\/07\/Legal-1.png\" alt=\"Legal\" width=\"700\" height=\"700\" srcset=\"https:\/\/quattromx.com\/main\/wp-content\/uploads\/2016\/07\/Legal-1.png 700w, https:\/\/quattromx.com\/main\/wp-content\/uploads\/2016\/07\/Legal-1-150x150.png 150w, https:\/\/quattromx.com\/main\/wp-content\/uploads\/2016\/07\/Legal-1-300x300.png 300w, https:\/\/quattromx.com\/main\/wp-content\/uploads\/2016\/07\/Legal-1-60x60.png 60w, https:\/\/quattromx.com\/main\/wp-content\/uploads\/2016\/07\/Legal-1-500x500.png 500w\" sizes=\"auto, (max-width: 700px) 100vw, 700px\" \/>[\/vc_column_text][\/vc_column][\/vc_row][vc_row foundry_padding=\u00bbpt0 pb0&#8243; el_id=\u00bbauditoria\u00bb][vc_column width=\u00bb1\/2&#8243; offset=\u00bbvc_hidden-md vc_hidden-sm vc_hidden-xs\u00bb][vc_column_text]<img loading=\"lazy\" decoding=\"async\" class=\"alignnone size-full wp-image-286\" src=\"http:\/\/quattromx.com\/main\/wp-content\/uploads\/2016\/07\/Auditori\u0301a.png\" alt=\"Auditori\u0301a\" width=\"700\" height=\"700\" srcset=\"https:\/\/quattromx.com\/main\/wp-content\/uploads\/2016\/07\/Auditori\u0301a.png 700w, https:\/\/quattromx.com\/main\/wp-content\/uploads\/2016\/07\/Auditori\u0301a-150x150.png 150w, https:\/\/quattromx.com\/main\/wp-content\/uploads\/2016\/07\/Auditori\u0301a-300x300.png 300w, https:\/\/quattromx.com\/main\/wp-content\/uploads\/2016\/07\/Auditori\u0301a-60x60.png 60w, https:\/\/quattromx.com\/main\/wp-content\/uploads\/2016\/07\/Auditori\u0301a-500x500.png 500w\" sizes=\"auto, (max-width: 700px) 100vw, 700px\" \/>[\/vc_column_text][\/vc_column][vc_column width=\u00bb1\/2&#8243;][vc_empty_space height=\u00bb100px\u00bb][vc_column_text]<\/p>\n<h4><span style=\"color: #31d4a9;\"><strong>AUDITOR\u00cdA<\/strong><\/span><\/h4>\n<p style=\"text-align: justify;\">Ofrecemos servicios de auditor\u00eda financiera y fiscal. Para nuestros clientes ofrecemos: independencia, practicidad y mayor accesibilidad de nuestros socios, m\u00e1s tiempo cara a cara con los clientes; y especialistas del sector y de la industria con amplitud y profundidad de conocimientos.<\/p>\n<p>Ofrecemos a nuestros clientes servicios integrales que incluyen:<\/p>\n<ul class=\"listado\">\n<li>Auditor\u00eda de Estados Financieros<\/li>\n<li>Dictamen Fiscal<\/li>\n<li>Dictamen de IMSS e INFONAVIT<\/li>\n<li>Evaluaci\u00f3n y dise\u00f1o de control interno<\/li>\n<\/ul>\n<p>[\/vc_column_text][\/vc_column][\/vc_row][vc_row foundry_padding=\u00bbpt64 pb64&#8243; el_id=\u00bbcomercioexterior\u00bb][vc_column width=\u00bb1\/2&#8243;][vc_column_text]<\/p>\n<h4><span style=\"color: #31d4a9;\"><strong>COMERCIO EXTERIOR<\/strong><\/span><\/h4>\n<p style=\"text-align: justify;\">Nuestros servicios est\u00e1n perfilados para cualquier tipo de persona moral o persona f\u00edsica que realice operaciones de importaci\u00f3n y exportaci\u00f3n de mercanc\u00edas del territorio nacional, no obstante que no sea su actividad preponderante.<\/p>\n<p>Ofrecemos a nuestros clientes servicios integrales que incluyen:<\/p>\n<ul class=\"listado\">\n<li>Asesor\u00eda en comercio exterior<\/li>\n<li>Diagn\u00f3stico aduanero<\/li>\n<li>Certificaci\u00f3n de IVA-IEPS<\/li>\n<li>Certificaci\u00f3n NEEC<\/li>\n<li>Reestructuraci\u00f3n de sistemas<\/li>\n<li>Atenci\u00f3n de auditor\u00edas<\/li>\n<\/ul>\n<p>[\/vc_column_text][\/vc_column][vc_column width=\u00bb1\/2&#8243; offset=\u00bbvc_hidden-md vc_hidden-sm vc_hidden-xs\u00bb][vc_empty_space height=\u00bb46px\u00bb][vc_column_text]<img loading=\"lazy\" decoding=\"async\" class=\"alignnone size-full wp-image-287\" src=\"http:\/\/quattromx.com\/main\/wp-content\/uploads\/2016\/07\/Comercio-Exterior-1.png\" alt=\"Comercio-Exterior\" width=\"700\" height=\"700\" srcset=\"https:\/\/quattromx.com\/main\/wp-content\/uploads\/2016\/07\/Comercio-Exterior-1.png 700w, https:\/\/quattromx.com\/main\/wp-content\/uploads\/2016\/07\/Comercio-Exterior-1-150x150.png 150w, https:\/\/quattromx.com\/main\/wp-content\/uploads\/2016\/07\/Comercio-Exterior-1-300x300.png 300w, https:\/\/quattromx.com\/main\/wp-content\/uploads\/2016\/07\/Comercio-Exterior-1-60x60.png 60w, https:\/\/quattromx.com\/main\/wp-content\/uploads\/2016\/07\/Comercio-Exterior-1-500x500.png 500w\" sizes=\"auto, (max-width: 700px) 100vw, 700px\" \/>[\/vc_column_text][\/vc_column][\/vc_row]<\/p>\n<\/div>","protected":false},"excerpt":{"rendered":"<p>[vc_row full_width=\u00bbstretch_row\u00bb full_height=\u00bbyes\u00bb equal_height=\u00bbyes\u00bb foundry_padding=\u00bbpt0 pb0&#8243; css=\u00bb.vc_custom_1467411363790{background-image: url(http:\/\/quattromx.com\/main\/wp-content\/uploads\/2016\/07\/Banner_Servicios.jpg?id=177) !important;background-position: center !important;background-repeat: no-repeat !important;background-size: cover !important;}\u00bb][vc_column][vc_row_inner][vc_column_inner offset=\u00bbvc_hidden-md vc_hidden-sm vc_hidden-xs\u00bb][vc_empty_space height=\u00bb180px\u00bb][\/vc_column_inner][\/vc_row_inner][vc_row_inner][vc_column_inner width=\u00bb1\/6&#8243;][\/vc_column_inner][vc_column_inner width=\u00bb2\/3&#8243;][vc_column_text]&#8230;<\/p>\n","protected":false},"author":1,"featured_media":0,"parent":0,"menu_order":0,"comment_status":"closed","ping_status":"closed","template":"","meta":{"jetpack_post_was_ever_published":false,"footnotes":""},"class_list":["post-173","page","type-page","status-publish","hentry"],"jetpack_sharing_enabled":true,"jetpack_shortlink":"https:\/\/wp.me\/P7L5kY-2N","_links":{"self":[{"href":"https:\/\/quattromx.com\/main\/wp-json\/wp\/v2\/pages\/173","targetHints":{"allow":["GET"]}}],"collection":[{"href":"https:\/\/quattromx.com\/main\/wp-json\/wp\/v2\/pages"}],"about":[{"href":"https:\/\/quattromx.com\/main\/wp-json\/wp\/v2\/types\/page"}],"author":[{"embeddable":true,"href":"https:\/\/quattromx.com\/main\/wp-json\/wp\/v2\/users\/1"}],"replies":[{"embeddable":true,"href":"https:\/\/quattromx.com\/main\/wp-json\/wp\/v2\/comments?post=173"}],"version-history":[{"count":56,"href":"https:\/\/quattromx.com\/main\/wp-json\/wp\/v2\/pages\/173\/revisions"}],"predecessor-version":[{"id":440,"href":"https:\/\/quattromx.com\/main\/wp-json\/wp\/v2\/pages\/173\/revisions\/440"}],"wp:attachment":[{"href":"https:\/\/quattromx.com\/main\/wp-json\/wp\/v2\/media?parent=173"}],"curies":[{"name":"wp","href":"https:\/\/api.w.org\/{rel}","templated":true}]}}