{"id":207,"date":"2016-07-01T15:57:48","date_gmt":"2016-07-01T22:57:48","guid":{"rendered":"http:\/\/quattromx.com\/main\/?page_id=207"},"modified":"2016-09-09T17:39:27","modified_gmt":"2016-09-10T00:39:27","slug":"contacto","status":"publish","type":"page","link":"https:\/\/quattromx.com\/main\/contacto\/","title":{"rendered":"Contacto"},"content":{"rendered":"<div class=\"wpb-content-wrapper\"><p>[vc_row foundry_parallax=\u00bbnot-parallax\u00bb css=\u00bb.vc_custom_1473467951932{background-image: url(http:\/\/quattromx.com\/main\/wp-content\/uploads\/2016\/07\/Banner-Contacto.jpg?id=409) !important;}\u00bb][vc_column width=\u00bb1\/2&#8243;][vc_empty_space][vc_column_text]<\/p>\n<h2><span style=\"color: #31d5aa;\">CONT\u00c1CTANOS<\/span><\/h2>\n<p><span style=\"color: #414042;\">Paseo Centenario 10310 605<\/span><br \/>\n<span style=\"color: #414042;\">Zona Urbana R\u00edo Tijuana<\/span><br \/>\n<span style=\"color: #414042;\">Tijuana, B. C. M\u00e9xico<\/span><br \/>\n<span style=\"color: #414042;\">C.P. 22010<\/span>[\/vc_column_text][vc_row_inner][vc_column_inner width=\u00bb2\/3&#8243;][vc_separator color=\u00bbcustom\u00bb accent_color=\u00bb#31d5aa\u00bb][\/vc_column_inner][vc_column_inner width=\u00bb1\/3&#8243;][\/vc_column_inner][\/vc_row_inner][vc_column_text]<span style=\"color: #414042;\">contacto@quattromx.com<\/span><\/p>\n<p><span style=\"color: #414042;\">+52 (664) 215 5331<\/span>[\/vc_column_text]<div role=\"form\" class=\"wpcf7\" id=\"wpcf7-f59-o1\" lang=\"en-US\" dir=\"ltr\">\n<div class=\"screen-reader-response\"><\/div>\n<form action=\"\/main\/wp-json\/wp\/v2\/pages\/207#wpcf7-f59-o1\" method=\"post\" class=\"wpcf7-form\" novalidate=\"novalidate\">\n<div style=\"display: none;\">\n<input type=\"hidden\" name=\"_wpcf7\" value=\"59\" \/>\n<input type=\"hidden\" name=\"_wpcf7_version\" value=\"4.4.2\" \/>\n<input type=\"hidden\" name=\"_wpcf7_locale\" value=\"en_US\" \/>\n<input type=\"hidden\" name=\"_wpcf7_unit_tag\" value=\"wpcf7-f59-o1\" \/>\n<input type=\"hidden\" name=\"_wpnonce\" value=\"03f28c87f5\" \/>\n<\/div>\n<p>\n    <span class=\"wpcf7-form-control-wrap your-name\"><input type=\"text\" name=\"your-name\" value=\"\" size=\"40\" class=\"wpcf7-form-control wpcf7-text wpcf7-validates-as-required\" aria-required=\"true\" aria-invalid=\"false\" placeholder=\"NOMBRE\" \/><\/span> <\/p>\n<p>\n    <span class=\"wpcf7-form-control-wrap your-email\"><input type=\"email\" name=\"your-email\" value=\"\" size=\"40\" class=\"wpcf7-form-control wpcf7-text wpcf7-email wpcf7-validates-as-required wpcf7-validates-as-email\" aria-required=\"true\" aria-invalid=\"false\" placeholder=\"EMAIL*\" \/><\/span> <\/p>\n<p>\n<span class=\"wpcf7-form-control-wrap your-phone\"><input type=\"text\" name=\"your-phone\" value=\"\" size=\"40\" class=\"wpcf7-form-control wpcf7-text\" aria-invalid=\"false\" placeholder=\"ASUNTO\" \/><\/span><\/p>\n<p>\n    <span class=\"wpcf7-form-control-wrap your-message\"><textarea name=\"your-message\" cols=\"40\" rows=\"10\" class=\"wpcf7-form-control wpcf7-textarea\" aria-invalid=\"false\" placeholder=\"MENSAJE\"><\/textarea><\/span> <\/p>\n<p><input type=\"submit\" value=\"ENVIAR\" class=\"wpcf7-form-control wpcf7-submit\" \/><\/p>\n<div class=\"wpcf7-response-output wpcf7-display-none\"><\/div><\/form><\/div>[vc_empty_space][\/vc_column][vc_column width=\u00bb1\/2&#8243;][\/vc_column][\/vc_row]<\/p>\n<\/div>","protected":false},"excerpt":{"rendered":"<p>[vc_row foundry_parallax=\u00bbnot-parallax\u00bb css=\u00bb.vc_custom_1473467951932{background-image: url(http:\/\/quattromx.com\/main\/wp-content\/uploads\/2016\/07\/Banner-Contacto.jpg?id=409) !important;}\u00bb][vc_column width=\u00bb1\/2&#8243;][vc_empty_space][vc_column_text] CONT\u00c1CTANOS Paseo Centenario 10310 605 Zona Urbana R\u00edo Tijuana Tijuana, B. C. M\u00e9xico C.P. 22010[\/vc_column_text][vc_row_inner][vc_column_inner&#8230;<\/p>\n","protected":false},"author":1,"featured_media":0,"parent":0,"menu_order":0,"comment_status":"closed","ping_status":"closed","template":"","meta":{"jetpack_post_was_ever_published":false,"footnotes":""},"class_list":["post-207","page","type-page","status-publish","hentry"],"jetpack_sharing_enabled":true,"jetpack_shortlink":"https:\/\/wp.me\/P7L5kY-3l","_links":{"self":[{"href":"https:\/\/quattromx.com\/main\/wp-json\/wp\/v2\/pages\/207","targetHints":{"allow":["GET"]}}],"collection":[{"href":"https:\/\/quattromx.com\/main\/wp-json\/wp\/v2\/pages"}],"about":[{"href":"https:\/\/quattromx.com\/main\/wp-json\/wp\/v2\/types\/page"}],"author":[{"embeddable":true,"href":"https:\/\/quattromx.com\/main\/wp-json\/wp\/v2\/users\/1"}],"replies":[{"embeddable":true,"href":"https:\/\/quattromx.com\/main\/wp-json\/wp\/v2\/comments?post=207"}],"version-history":[{"count":5,"href":"https:\/\/quattromx.com\/main\/wp-json\/wp\/v2\/pages\/207\/revisions"}],"predecessor-version":[{"id":483,"href":"https:\/\/quattromx.com\/main\/wp-json\/wp\/v2\/pages\/207\/revisions\/483"}],"wp:attachment":[{"href":"https:\/\/quattromx.com\/main\/wp-json\/wp\/v2\/media?parent=207"}],"curies":[{"name":"wp","href":"https:\/\/api.w.org\/{rel}","templated":true}]}}