{"id":281,"date":"2016-07-06T16:51:04","date_gmt":"2016-07-06T23:51:04","guid":{"rendered":"http:\/\/quattromx.com\/main\/?page_id=281"},"modified":"2016-07-12T14:38:34","modified_gmt":"2016-07-12T21:38:34","slug":"boletines","status":"publish","type":"page","link":"https:\/\/quattromx.com\/main\/boletines\/","title":{"rendered":"Boletines"},"content":{"rendered":"<div class=\"wpb-content-wrapper\"><p>[vc_row][vc_column]\t\n\t\t\t\n\t\t<div class=\"row\">\n\t\t\t\n\t\t    <div class=\"col-md-9 mb-xs-24\">\n\t\t    \t\n<div class=\"post-snippet mb64\">\n\n    <a href=\"https:\/\/quattromx.com\/main\/cfdi-3-3-validacion-de-limites-como-y-cuando\/\">\n    <img loading=\"lazy\" decoding=\"async\" width=\"240\" height=\"240\" src=\"https:\/\/quattromx.com\/main\/wp-content\/uploads\/2017\/08\/Validacion.jpg\" class=\"mb24 wp-post-image\" alt=\"\" srcset=\"https:\/\/quattromx.com\/main\/wp-content\/uploads\/2017\/08\/Validacion.jpg 240w, https:\/\/quattromx.com\/main\/wp-content\/uploads\/2017\/08\/Validacion-150x150.jpg 150w, https:\/\/quattromx.com\/main\/wp-content\/uploads\/2017\/08\/Validacion-60x60.jpg 60w\" sizes=\"auto, (max-width: 240px) 100vw, 240px\" \/><\/a><div class=\"post-title\">\n    <a href=\"https:\/\/quattromx.com\/main\/cfdi-3-3-validacion-de-limites-como-y-cuando\/\"><h4 class=\"inline-block\"><span class=\"label\">08 Ago<\/span>CFDi 3.3: Validaci\u00f3n de l\u00edmites \u00bfC\u00f3mo y cu\u00e1ndo?<\/h4><\/a><\/div><ul class=\"post-meta\">\n    <li>\n        <!--i class=\"ti-user\"><\/i>\n        <span> <\/span>\n    <\/li>-->\n    <li>\n        <i class=\"ti-tag\"><\/i>\n        <span>Categor\u00eda <a href=\"https:\/\/quattromx.com\/main\/category\/fiscal\/\" rel=\"category tag\">Fiscal<\/a><\/span>\n    <\/li>\n<\/ul>    \n    <hr>\n    \n    <p>Dentro de las caracter\u00edsticas de la versi\u00f3n 3.3 del Comprobante Fiscal Digital por Internet (CFDi), se encuentra la validaci\u00f3n de algunos&#8230;<\/p>\n<a class=\"btn btn-sm\" href=\"https:\/\/quattromx.com\/main\/cfdi-3-3-validacion-de-limites-como-y-cuando\/\">Leer m\u00e1s<\/a>    \n<\/div>\n<div class=\"post-snippet mb64\">\n\n    <a href=\"https:\/\/quattromx.com\/main\/constancias-de-retencion-de-isr-por-salarios-aun-se-entregan\/\">\n    <img loading=\"lazy\" decoding=\"async\" width=\"359\" height=\"240\" src=\"https:\/\/quattromx.com\/main\/wp-content\/uploads\/2017\/01\/Constancia-ISR-Sueldos.jpg\" class=\"mb24 wp-post-image\" alt=\"\" srcset=\"https:\/\/quattromx.com\/main\/wp-content\/uploads\/2017\/01\/Constancia-ISR-Sueldos.jpg 359w, https:\/\/quattromx.com\/main\/wp-content\/uploads\/2017\/01\/Constancia-ISR-Sueldos-300x201.jpg 300w\" sizes=\"auto, (max-width: 359px) 100vw, 359px\" \/><\/a><div class=\"post-title\">\n    <a href=\"https:\/\/quattromx.com\/main\/constancias-de-retencion-de-isr-por-salarios-aun-se-entregan\/\"><h4 class=\"inline-block\"><span class=\"label\">31 Ene<\/span>Constancias de retenci\u00f3n de ISR por salarios \u00bfA\u00fan se entregan?<\/h4><\/a><\/div><ul class=\"post-meta\">\n    <li>\n        <!--i class=\"ti-user\"><\/i>\n        <span> <\/span>\n    <\/li>-->\n    <li>\n        <i class=\"ti-tag\"><\/i>\n        <span>Categor\u00eda <a href=\"https:\/\/quattromx.com\/main\/category\/fiscal\/\" rel=\"category tag\">Fiscal<\/a><\/span>\n    <\/li>\n<\/ul>    \n    <hr>\n    \n    <p>La obligaci\u00f3n de entregar constancias de retenci\u00f3n a los trabajadores por los ingresos percibidos en el ejercicio, a\u00fan persiste para el&#8230;<\/p>\n<a class=\"btn btn-sm\" href=\"https:\/\/quattromx.com\/main\/constancias-de-retencion-de-isr-por-salarios-aun-se-entregan\/\">Leer m\u00e1s<\/a>    \n<\/div>\n<div class=\"post-snippet mb64\">\n\n    <a href=\"https:\/\/quattromx.com\/main\/regimen-de-flujo-de-efectivo-de-persona-moral-isr\/\">\n    <img loading=\"lazy\" decoding=\"async\" width=\"360\" height=\"240\" src=\"https:\/\/quattromx.com\/main\/wp-content\/uploads\/2017\/01\/ISR-Flujo-de-Efectivo.jpg\" class=\"mb24 wp-post-image\" alt=\"\" srcset=\"https:\/\/quattromx.com\/main\/wp-content\/uploads\/2017\/01\/ISR-Flujo-de-Efectivo.jpg 360w, https:\/\/quattromx.com\/main\/wp-content\/uploads\/2017\/01\/ISR-Flujo-de-Efectivo-300x200.jpg 300w\" sizes=\"auto, (max-width: 360px) 100vw, 360px\" \/><\/a><div class=\"post-title\">\n    <a href=\"https:\/\/quattromx.com\/main\/regimen-de-flujo-de-efectivo-de-persona-moral-isr\/\"><h4 class=\"inline-block\"><span class=\"label\">11 Ene<\/span>R\u00e9gimen de Flujo de Efectivo de Persona Moral (ISR)<\/h4><\/a><\/div><ul class=\"post-meta\">\n    <li>\n        <!--i class=\"ti-user\"><\/i>\n        <span> <\/span>\n    <\/li>-->\n    <li>\n        <i class=\"ti-tag\"><\/i>\n        <span>Categor\u00eda <a href=\"https:\/\/quattromx.com\/main\/category\/fiscal\/\" rel=\"category tag\">Fiscal<\/a><\/span>\n    <\/li>\n<\/ul>    \n    <hr>\n    \n    <p>Una de las reformas en materia de Impuesto sobre la Renta (ISR) para personas morales en 2017 es la creaci\u00f3n de&#8230;<\/p>\n<a class=\"btn btn-sm\" href=\"https:\/\/quattromx.com\/main\/regimen-de-flujo-de-efectivo-de-persona-moral-isr\/\">Leer m\u00e1s<\/a>    \n<\/div>\n<div class=\"post-snippet mb64\">\n\n    <a href=\"https:\/\/quattromx.com\/main\/uma-2017\/\">\n    <img loading=\"lazy\" decoding=\"async\" width=\"339\" height=\"240\" src=\"https:\/\/quattromx.com\/main\/wp-content\/uploads\/2017\/01\/UMA-2017.jpg\" class=\"mb24 wp-post-image\" alt=\"\" srcset=\"https:\/\/quattromx.com\/main\/wp-content\/uploads\/2017\/01\/UMA-2017.jpg 339w, https:\/\/quattromx.com\/main\/wp-content\/uploads\/2017\/01\/UMA-2017-300x212.jpg 300w\" sizes=\"auto, (max-width: 339px) 100vw, 339px\" \/><\/a><div class=\"post-title\">\n    <a href=\"https:\/\/quattromx.com\/main\/uma-2017\/\"><h4 class=\"inline-block\"><span class=\"label\">10 Ene<\/span>UMA 2017<\/h4><\/a><\/div><ul class=\"post-meta\">\n    <li>\n        <!--i class=\"ti-user\"><\/i>\n        <span> <\/span>\n    <\/li>-->\n    <li>\n        <i class=\"ti-tag\"><\/i>\n        <span>Categor\u00eda <a href=\"https:\/\/quattromx.com\/main\/category\/fiscal\/\" rel=\"category tag\">Fiscal<\/a><\/span>\n    <\/li>\n<\/ul>    \n    <hr>\n    \n    <p>El d\u00eda de hoy 10 de enero de 2017 el Instituto Nacional de Estad\u00edstica y Geograf\u00eda publica en el Diario Oficial&#8230;<\/p>\n<a class=\"btn btn-sm\" href=\"https:\/\/quattromx.com\/main\/uma-2017\/\">Leer m\u00e1s<\/a>    \n<\/div>\n<div class=\"post-snippet mb64\">\n\n    <a href=\"https:\/\/quattromx.com\/main\/nueva-version-del-dim-5-0-0-2016\/\">\n    <img loading=\"lazy\" decoding=\"async\" width=\"360\" height=\"240\" src=\"https:\/\/quattromx.com\/main\/wp-content\/uploads\/2017\/01\/Boletin-DIM.jpg\" class=\"mb24 wp-post-image\" alt=\"\" srcset=\"https:\/\/quattromx.com\/main\/wp-content\/uploads\/2017\/01\/Boletin-DIM.jpg 360w, https:\/\/quattromx.com\/main\/wp-content\/uploads\/2017\/01\/Boletin-DIM-300x200.jpg 300w\" sizes=\"auto, (max-width: 360px) 100vw, 360px\" \/><\/a><div class=\"post-title\">\n    <a href=\"https:\/\/quattromx.com\/main\/nueva-version-del-dim-5-0-0-2016\/\"><h4 class=\"inline-block\"><span class=\"label\">10 Ene<\/span>Nueva versi\u00f3n del DIM 5.0.0. &#8211; 2016<\/h4><\/a><\/div><ul class=\"post-meta\">\n    <li>\n        <!--i class=\"ti-user\"><\/i>\n        <span> <\/span>\n    <\/li>-->\n    <li>\n        <i class=\"ti-tag\"><\/i>\n        <span>Categor\u00eda <a href=\"https:\/\/quattromx.com\/main\/category\/fiscal\/\" rel=\"category tag\">Fiscal<\/a><\/span>\n    <\/li>\n<\/ul>    \n    <hr>\n    \n    <p>El pasado 9 de enero de 2017 el Servicio de Administraci\u00f3n Tributaria (SAT) presenta la nueva versi\u00f3n del software Declaraci\u00f3n Informativa&#8230;<\/p>\n<a class=\"btn btn-sm\" href=\"https:\/\/quattromx.com\/main\/nueva-version-del-dim-5-0-0-2016\/\">Leer m\u00e1s<\/a>    \n<\/div>\n<div class=\"post-snippet mb64\">\n\n    <a href=\"https:\/\/quattromx.com\/main\/cambios-en-tigie-y-prosec-en-apoyo-a-industria-acerera\/\">\n    <img loading=\"lazy\" decoding=\"async\" width=\"360\" height=\"240\" src=\"https:\/\/quattromx.com\/main\/wp-content\/uploads\/2016\/10\/Acero.jpg\" class=\"mb24 wp-post-image\" alt=\"\" srcset=\"https:\/\/quattromx.com\/main\/wp-content\/uploads\/2016\/10\/Acero.jpg 360w, https:\/\/quattromx.com\/main\/wp-content\/uploads\/2016\/10\/Acero-300x200.jpg 300w\" sizes=\"auto, (max-width: 360px) 100vw, 360px\" \/><\/a><div class=\"post-title\">\n    <a href=\"https:\/\/quattromx.com\/main\/cambios-en-tigie-y-prosec-en-apoyo-a-industria-acerera\/\"><h4 class=\"inline-block\"><span class=\"label\">12 Oct<\/span>Cambios en TIGIE y Prosec en apoyo a industria acerera<\/h4><\/a><\/div><ul class=\"post-meta\">\n    <li>\n        <!--i class=\"ti-user\"><\/i>\n        <span> <\/span>\n    <\/li>-->\n    <li>\n        <i class=\"ti-tag\"><\/i>\n        <span>Categor\u00eda <a href=\"https:\/\/quattromx.com\/main\/category\/comercioexterior\/\" rel=\"category tag\">Comercio Exterior<\/a><\/span>\n    <\/li>\n<\/ul>    \n    <hr>\n    \n    <p>El pasado 7 de octubre de 2016 se public\u00f3 en el Diario Oficial de la Federaci\u00f3n el Decreto por el que&#8230;<\/p>\n<a class=\"btn btn-sm\" href=\"https:\/\/quattromx.com\/main\/cambios-en-tigie-y-prosec-en-apoyo-a-industria-acerera\/\">Leer m\u00e1s<\/a>    \n<\/div>\n<div class=\"post-snippet mb64\">\n\n    <a href=\"https:\/\/quattromx.com\/main\/revision-electronica-que-es\/\">\n    <img loading=\"lazy\" decoding=\"async\" width=\"360\" height=\"240\" src=\"https:\/\/quattromx.com\/main\/wp-content\/uploads\/2016\/09\/Audit.jpg\" class=\"mb24 wp-post-image\" alt=\"\" srcset=\"https:\/\/quattromx.com\/main\/wp-content\/uploads\/2016\/09\/Audit.jpg 360w, https:\/\/quattromx.com\/main\/wp-content\/uploads\/2016\/09\/Audit-300x200.jpg 300w\" sizes=\"auto, (max-width: 360px) 100vw, 360px\" \/><\/a><div class=\"post-title\">\n    <a href=\"https:\/\/quattromx.com\/main\/revision-electronica-que-es\/\"><h4 class=\"inline-block\"><span class=\"label\">12 Sep<\/span>Revisi\u00f3n Electr\u00f3nica: \u00bfQu\u00e9 es?<\/h4><\/a><\/div><ul class=\"post-meta\">\n    <li>\n        <!--i class=\"ti-user\"><\/i>\n        <span> <\/span>\n    <\/li>-->\n    <li>\n        <i class=\"ti-tag\"><\/i>\n        <span>Categor\u00eda <a href=\"https:\/\/quattromx.com\/main\/category\/fiscal\/\" rel=\"category tag\">Fiscal<\/a><\/span>\n    <\/li>\n<\/ul>    \n    <hr>\n    \n    <p>Como inform\u00f3 anteriormente el Servicio de Administraci\u00f3n Tributaria (SAT), durante el mes de septiembre iniciar\u00edan las revisiones electr\u00f3nicas a los contribuyentes,&#8230;<\/p>\n<a class=\"btn btn-sm\" href=\"https:\/\/quattromx.com\/main\/revision-electronica-que-es\/\">Leer m\u00e1s<\/a>    \n<\/div>\n<div class=\"post-snippet mb64\">\n\n    <a href=\"https:\/\/quattromx.com\/main\/representacion-impresa-de-cfdi-podra-hacerse-sin-codigo-qr\/\">\n    <img loading=\"lazy\" decoding=\"async\" width=\"326\" height=\"326\" src=\"https:\/\/quattromx.com\/main\/wp-content\/uploads\/2016\/08\/image001.png\" class=\"mb24 wp-post-image\" alt=\"\" srcset=\"https:\/\/quattromx.com\/main\/wp-content\/uploads\/2016\/08\/image001.png 326w, https:\/\/quattromx.com\/main\/wp-content\/uploads\/2016\/08\/image001-150x150.png 150w, https:\/\/quattromx.com\/main\/wp-content\/uploads\/2016\/08\/image001-300x300.png 300w, https:\/\/quattromx.com\/main\/wp-content\/uploads\/2016\/08\/image001-60x60.png 60w\" sizes=\"auto, (max-width: 326px) 100vw, 326px\" \/><\/a><div class=\"post-title\">\n    <a href=\"https:\/\/quattromx.com\/main\/representacion-impresa-de-cfdi-podra-hacerse-sin-codigo-qr\/\"><h4 class=\"inline-block\"><span class=\"label\">16 Ago<\/span>Representaci\u00f3n impresa de CFDI: Podr\u00e1 hacerse sin c\u00f3digo QR<\/h4><\/a><\/div><ul class=\"post-meta\">\n    <li>\n        <!--i class=\"ti-user\"><\/i>\n        <span> <\/span>\n    <\/li>-->\n    <li>\n        <i class=\"ti-tag\"><\/i>\n        <span>Categor\u00eda <a href=\"https:\/\/quattromx.com\/main\/category\/fiscal\/\" rel=\"category tag\">Fiscal<\/a><\/span>\n    <\/li>\n<\/ul>    \n    <hr>\n    \n    <p>A partir del 15 de agosto de 2016 entra en vigor un cambio a la Regla Miscel\u00e1nea 2016 2.7.1.7., que establece&#8230;<\/p>\n<a class=\"btn btn-sm\" href=\"https:\/\/quattromx.com\/main\/representacion-impresa-de-cfdi-podra-hacerse-sin-codigo-qr\/\">Leer m\u00e1s<\/a>    \n<\/div>\n<div class=\"post-snippet mb64\">\n\n    <a href=\"https:\/\/quattromx.com\/main\/cambios-tarifarios-a-prosec-igi-frontera-norte-e-immex\/\">\n    <img loading=\"lazy\" decoding=\"async\" width=\"275\" height=\"183\" src=\"https:\/\/quattromx.com\/main\/wp-content\/uploads\/2016\/08\/image001.jpg\" class=\"mb24 wp-post-image\" alt=\"\" \/><\/a><div class=\"post-title\">\n    <a href=\"https:\/\/quattromx.com\/main\/cambios-tarifarios-a-prosec-igi-frontera-norte-e-immex\/\"><h4 class=\"inline-block\"><span class=\"label\">02 Ago<\/span>Cambios tarifarios a PROSEC, IGI frontera norte e IMMEX<\/h4><\/a><\/div><ul class=\"post-meta\">\n    <li>\n        <!--i class=\"ti-user\"><\/i>\n        <span> <\/span>\n    <\/li>-->\n    <li>\n        <i class=\"ti-tag\"><\/i>\n        <span>Categor\u00eda <a href=\"https:\/\/quattromx.com\/main\/category\/comercioexterior\/\" rel=\"category tag\">Comercio Exterior<\/a><\/span>\n    <\/li>\n<\/ul>    \n    <hr>\n    \n    <p>El pasado 28 de julio de 2016, se public\u00f3 en el Diario Oficial de la Federaci\u00f3n el Decreto por el que&#8230;<\/p>\n<a class=\"btn btn-sm\" href=\"https:\/\/quattromx.com\/main\/cambios-tarifarios-a-prosec-igi-frontera-norte-e-immex\/\">Leer m\u00e1s<\/a>    \n<\/div>\n<div class=\"post-snippet mb64\">\n\n    <a href=\"https:\/\/quattromx.com\/main\/sentencia-contabilidad-electronica\/\">\n    <img loading=\"lazy\" decoding=\"async\" width=\"1024\" height=\"685\" src=\"https:\/\/quattromx.com\/main\/wp-content\/uploads\/2016\/07\/Banner_Blog2-1-1024x685.jpg\" class=\"mb24 wp-post-image\" alt=\"\" srcset=\"https:\/\/quattromx.com\/main\/wp-content\/uploads\/2016\/07\/Banner_Blog2-1-1024x685.jpg 1024w, https:\/\/quattromx.com\/main\/wp-content\/uploads\/2016\/07\/Banner_Blog2-1-300x201.jpg 300w, https:\/\/quattromx.com\/main\/wp-content\/uploads\/2016\/07\/Banner_Blog2-1-768x514.jpg 768w, https:\/\/quattromx.com\/main\/wp-content\/uploads\/2016\/07\/Banner_Blog2-1-600x400.jpg 600w, https:\/\/quattromx.com\/main\/wp-content\/uploads\/2016\/07\/Banner_Blog2-1.jpg 1500w\" sizes=\"auto, (max-width: 1024px) 100vw, 1024px\" \/><\/a><div class=\"post-title\">\n    <a href=\"https:\/\/quattromx.com\/main\/sentencia-contabilidad-electronica\/\"><h4 class=\"inline-block\"><span class=\"label\">27 Jul<\/span>Sentencia Contabilidad Electronica<\/h4><\/a><\/div><ul class=\"post-meta\">\n    <li>\n        <!--i class=\"ti-user\"><\/i>\n        <span> <\/span>\n    <\/li>-->\n    <li>\n        <i class=\"ti-tag\"><\/i>\n        <span>Categor\u00eda <a href=\"https:\/\/quattromx.com\/main\/category\/legal\/\" rel=\"category tag\">Legal<\/a><\/span>\n    <\/li>\n<\/ul>    \n    <hr>\n    \n    <p>Estimados clientes y amigos. El d\u00eda de 6 de julio de 2016, la segunda Sala de la Suprema Corte de Justicia&#8230;<\/p>\n<a class=\"btn btn-sm\" href=\"https:\/\/quattromx.com\/main\/sentencia-contabilidad-electronica\/\">Leer m\u00e1s<\/a>    \n<\/div>\t\t    <\/div> \n\t\t    \n\t\t    <div class=\"col-md-3 hidden-sm\">\n\t\n\t\t<div id=\"recent-posts-2\" class=\"widget widget_recent_entries\">\n\t\t<h6 class=\"title\">Entradas recientes<\/h6><hr \/>\n\t\t<ul>\n\t\t\t\t\t\t\t\t\t\t\t<li>\n\t\t\t\t\t<a href=\"https:\/\/quattromx.com\/main\/cfdi-3-3-validacion-de-limites-como-y-cuando\/\">CFDi 3.3: Validaci\u00f3n de l\u00edmites \u00bfC\u00f3mo y cu\u00e1ndo?<\/a>\n\t\t\t\t\t\t\t\t\t<\/li>\n\t\t\t\t\t\t\t\t\t\t\t<li>\n\t\t\t\t\t<a href=\"https:\/\/quattromx.com\/main\/constancias-de-retencion-de-isr-por-salarios-aun-se-entregan\/\">Constancias de retenci\u00f3n de ISR por salarios \u00bfA\u00fan se entregan?<\/a>\n\t\t\t\t\t\t\t\t\t<\/li>\n\t\t\t\t\t\t\t\t\t\t\t<li>\n\t\t\t\t\t<a href=\"https:\/\/quattromx.com\/main\/regimen-de-flujo-de-efectivo-de-persona-moral-isr\/\">R\u00e9gimen de Flujo de Efectivo de Persona Moral (ISR)<\/a>\n\t\t\t\t\t\t\t\t\t<\/li>\n\t\t\t\t\t\t\t\t\t\t\t<li>\n\t\t\t\t\t<a href=\"https:\/\/quattromx.com\/main\/uma-2017\/\">UMA 2017<\/a>\n\t\t\t\t\t\t\t\t\t<\/li>\n\t\t\t\t\t\t\t\t\t\t\t<li>\n\t\t\t\t\t<a href=\"https:\/\/quattromx.com\/main\/nueva-version-del-dim-5-0-0-2016\/\">Nueva versi\u00f3n del DIM 5.0.0. &#8211; 2016<\/a>\n\t\t\t\t\t\t\t\t\t<\/li>\n\t\t\t\t\t<\/ul>\n\n\t\t<\/div><div id=\"categories-2\" class=\"widget widget_categories\"><h6 class=\"title\">Categor\u00edas<\/h6><hr \/>\n\t\t\t<ul>\n\t\t\t\t\t<li class=\"cat-item cat-item-8\"><a href=\"https:\/\/quattromx.com\/main\/category\/comercioexterior\/\">Comercio Exterior<\/a>\n<\/li>\n\t<li class=\"cat-item cat-item-7\"><a href=\"https:\/\/quattromx.com\/main\/category\/fiscal\/\">Fiscal<\/a>\n<\/li>\n\t<li class=\"cat-item cat-item-4\"><a href=\"https:\/\/quattromx.com\/main\/category\/legal\/\">Legal<\/a>\n<\/li>\n\t\t\t<\/ul>\n\n\t\t\t<\/div><div id=\"archives-2\" class=\"widget widget_archive\"><h6 class=\"title\">Archivos<\/h6><hr \/>\n\t\t\t<ul>\n\t\t\t\t\t<li><a href='https:\/\/quattromx.com\/main\/2017\/08\/'>agosto 2017<\/a><\/li>\n\t<li><a href='https:\/\/quattromx.com\/main\/2017\/01\/'>enero 2017<\/a><\/li>\n\t<li><a href='https:\/\/quattromx.com\/main\/2016\/10\/'>octubre 2016<\/a><\/li>\n\t<li><a href='https:\/\/quattromx.com\/main\/2016\/09\/'>septiembre 2016<\/a><\/li>\n\t<li><a href='https:\/\/quattromx.com\/main\/2016\/08\/'>agosto 2016<\/a><\/li>\n\t<li><a href='https:\/\/quattromx.com\/main\/2016\/07\/'>julio 2016<\/a><\/li>\n\t\t\t<\/ul>\n\n\t\t\t<\/div><\/div>\t\t    \n\t\t<\/div>\n\t\t\n\t\t\t\t\n[\/vc_column][\/vc_row]<\/p>\n<\/div>","protected":false},"excerpt":{"rendered":"<p>[vc_row][vc_column][\/vc_column][\/vc_row]<\/p>\n","protected":false},"author":1,"featured_media":309,"parent":0,"menu_order":0,"comment_status":"closed","ping_status":"closed","template":"","meta":{"jetpack_post_was_ever_published":false,"footnotes":""},"class_list":["post-281","page","type-page","status-publish","has-post-thumbnail","hentry"],"jetpack_sharing_enabled":true,"jetpack_shortlink":"https:\/\/wp.me\/P7L5kY-4x","_links":{"self":[{"href":"https:\/\/quattromx.com\/main\/wp-json\/wp\/v2\/pages\/281","targetHints":{"allow":["GET"]}}],"collection":[{"href":"https:\/\/quattromx.com\/main\/wp-json\/wp\/v2\/pages"}],"about":[{"href":"https:\/\/quattromx.com\/main\/wp-json\/wp\/v2\/types\/page"}],"author":[{"embeddable":true,"href":"https:\/\/quattromx.com\/main\/wp-json\/wp\/v2\/users\/1"}],"replies":[{"embeddable":true,"href":"https:\/\/quattromx.com\/main\/wp-json\/wp\/v2\/comments?post=281"}],"version-history":[{"count":8,"href":"https:\/\/quattromx.com\/main\/wp-json\/wp\/v2\/pages\/281\/revisions"}],"predecessor-version":[{"id":343,"href":"https:\/\/quattromx.com\/main\/wp-json\/wp\/v2\/pages\/281\/revisions\/343"}],"wp:featuredmedia":[{"embeddable":true,"href":"https:\/\/quattromx.com\/main\/wp-json\/wp\/v2\/media\/309"}],"wp:attachment":[{"href":"https:\/\/quattromx.com\/main\/wp-json\/wp\/v2\/media?parent=281"}],"curies":[{"name":"wp","href":"https:\/\/api.w.org\/{rel}","templated":true}]}}