{"id":310,"date":"2016-07-06T18:27:38","date_gmt":"2016-07-07T01:27:38","guid":{"rendered":"http:\/\/quattromx.com\/main\/?page_id=310"},"modified":"2016-07-27T14:12:13","modified_gmt":"2016-07-27T21:12:13","slug":"salarios-minimos-historicos","status":"publish","type":"page","link":"https:\/\/quattromx.com\/main\/salarios-minimos-historicos\/","title":{"rendered":"Salarios M\u00ednimos Hist\u00f3ricos"},"content":{"rendered":"<div class=\"wpb-content-wrapper\"><p>[vc_row foundry_padding=\u00bbpt64 pb64&#8243;][vc_column][vc_column_text]<iframe loading=\"lazy\" src=\"https:\/\/docs.google.com\/spreadsheets\/d\/1VuKsCoktSqZXQduN7X3_AkPBD_uvymtbXbHuJLswGBA\/pubhtml?gid=32151580&amp;single=true&amp;widget=true&amp;headers=false\" width=\"100%\" height=\"950px\"><\/iframe>[\/vc_column_text][\/vc_column][\/vc_row][vc_row foundry_padding=\u00bbpt0 pb0&#8243;][vc_column][vc_column_text]<\/p>\n<h3>\u00c1rea geogr\u00e1fica \u00abA\u00bb<\/h3>\n<p>Integrada por: todos los municipios de los estados de Baja California y Baja California Sur; los municipios de Guadalupe, Ju\u00e1rez y Praxedis G. Guerrero, del Estado de Chihuahua; el Distrito Federal; el Municipio de Acapulco de Ju\u00e1rez, del Estado de Guerrero; los municipios de Atizap\u00e1n de Zaragoza, Coacalco de Berrioz\u00e1bal, Cuautitl\u00e1n, Cuautitl\u00e1n Izcalli, Ecatepec de Morelos, Naucalpan de Ju\u00e1rez, Tlalnepantla de Baz y Tultitl\u00e1n, del Estado de M\u00e9xico; los municipios de Agua Prieta, Cananea, Naco, Nogales, General Plutarco El\u00edas Calles, Puerto Pe\u00f1asco, San Luis R\u00edo Colorado y Santa Cruz, del Estado de Sonora; los municipios de Camargo, Guerrero, Gustavo D\u00edaz Ordaz, Matamoros, Mier, Miguel Alem\u00e1n, Nuevo Laredo, Reynosa, R\u00edo Bravo, San Fernando y Valle Hermoso, del Estado de Tamaulipas, y los municipios de Agua Dulce, Coatzacoalcos, Cosoleacaque, Las Choapas, Ixhuatl\u00e1n del Sureste, Minatitl\u00e1n, Moloac\u00e1n y Nanchital de L\u00e1zaro C\u00e1rdenas del R\u00edo, del Estado de Veracruz de Ignacio de la Llave.[\/vc_column_text][\/vc_column][\/vc_row][vc_row foundry_padding=\u00bbpt0 pb0&#8243;][vc_column][vc_column_text]<\/p>\n<h3>\u00c1rea geogr\u00e1fica \u00abB\u00bb (Fusionada con \u00e1rea \u00abA\u00bb el 27 noviembre de 2012)<\/h3>\n<p>Integrada por: los municipios de Guadalajara, El Salto, Tlajomulco de Z\u00fa\u00f1iga, Tlaquepaque, Tonal\u00e1 y Zapopan, del Estado de Jalisco; los municipios de Apodaca, San Pedro Garza Garc\u00eda, General Escobedo, Guadalupe, Monterrey, San Nicol\u00e1s de los Garza y Santa Catarina, del Estado de Nuevo Le\u00f3n; los municipios de Altar, Atil, B\u00e1cum, Benito Ju\u00e1rez, Benjam\u00edn Hill, Caborca, Cajeme, Carb\u00f3, La Colorada, Cucurpe, Empalme, Etchojoa, Guaymas, Hermosillo, Huatabampo, Imuris, Magdalena, Navojoa, Opodepe, Oquitoa, Pitiquito, San Ignacio R\u00edo Muerto, San Miguel de Horcasitas, Santa Ana, S\u00e1ric, Suaqui Grande, Trincheras y Tubutama, del Estado de Sonora; los municipios de Aldama, Altamira, Antiguo Morelos, Ciudad Madero, G\u00f3mez Far\u00edas, Gonz\u00e1lez, El Mante, Nuevo Morelos, Ocampo, Tampico y Xicot\u00e9ncatl del Estado de Tamaulipas, y los municipios de Coatzintla, Poza Rica de Hidalgo y T\u00faxpam, del Estado de Veracruz de Ignacio de la Llave.[\/vc_column_text][\/vc_column][\/vc_row][vc_row foundry_padding=\u00bbpt0 pb0&#8243;][vc_column][vc_column_text]<\/p>\n<h3>\u00c1rea geogr\u00e1fica \u00abC\u00bb (Convertida en \u00e1rea \u00abB\u00bb el 27 de noviembre de 2012)<\/h3>\n<p>Integrada por: todos los municipios de los estados de Aguascalientes, Campeche, Coahuila de Zaragoza, Colima, Chiapas, Durango, Guanajuato, Hidalgo, Michoac\u00e1n de Ocampo, Morelos, Nayarit, Oaxaca, Puebla, Quer\u00e9taro de Arteaga, Quintana Roo, San Luis Potos\u00ed, Sinaloa, Tabasco, Tlaxcala, Yucat\u00e1n y Zacatecas; todos los municipios del Estado de Chihuahua excepto Guadalupe, Ju\u00e1rez y Praxedis G. Guerrero; todos los municipios del Estado de Guerrero excepto Acapulco de Ju\u00e1rez; todos los municipios del Estado de Jalisco excepto Guadalajara, El Salto, Tlajomulco de Z\u00fa\u00f1iga, Tlaquepaque, Tonal\u00e1 y Zapopan; todos los municipios del Estado de M\u00e9xico excepto Atizap\u00e1n de Zaragoza, Coacalco de Berrioz\u00e1bal, Cuautitl\u00e1n, Cuautitl\u00e1n Izcalli, Ecatepec de Morelos, Naucalpan de Ju\u00e1rez, Tlalnepantla de Baz y Tultitl\u00e1n; todos los municipios del Estado de Nuevo Le\u00f3n excepto Apodaca, San Pedro Garza Garc\u00eda, General Escobedo, Guadalupe, Monterrey, San Nicol\u00e1s de los Garza y Santa Catarina; los municipios de Aconchi, Alamos, Arivechi, Arizpe, Bacad\u00e9huachi, Bacanora, Bacerac, Bacoachi, Ban\u00e1michi, Bavi\u00e1cora, Bavispe, Cumpas, Divisaderos, Fronteras, Granados, Huachinera, Hu\u00e1sabas, Hu\u00e9pac, Mazat\u00e1n, Moctezuma, N\u00e1cori Chico, Nacozari de Garc\u00eda, Onavas, Quiriego, Ray\u00f3n, Rosario, Sahuaripa, San Felipe de Jes\u00fas, San Javier, San Pedro de la Cueva, Soyopa, Tepache, Ures, Villa Hidalgo, Villa Pesqueira y Y\u00e9cora, del Estado de Sonora; los municipios de Abasolo, Burgos, Bustamante, Casas, Cruillas, G\u00fc\u00e9mez, Hidalgo, Jaumave, Jim\u00e9nez, Llera, Mainero, M\u00e9ndez, Miquihuana, Padilla, Palmillas, San Carlos,\u00a0 San Nicol\u00e1s, Soto la Marina, Tula, Victoria y Villagr\u00e1n, del Estado de Tamaulipas, y todos los municipios del Estado de Veracruz de Ignacio de la Llave, excepto Agua Dulce, Coatzacoalcos, Coatzintla, Cosoleacaque, Las Choapas, Ixhuatl\u00e1n del Sureste, Minatitl\u00e1n, Moloac\u00e1n, Nanchital de L\u00e1zaro C\u00e1rdenas del R\u00edo, Poza Rica de Hidalgo y T\u00faxpam.[\/vc_column_text][\/vc_column][\/vc_row][vc_row foundry_padding=\u00bbpt0 pb0&#8243;][vc_column][vc_empty_space][\/vc_column][\/vc_row]<\/p>\n<\/div>","protected":false},"excerpt":{"rendered":"<p>[vc_row foundry_padding=\u00bbpt64 pb64&#8243;][vc_column][vc_column_text][\/vc_column_text][\/vc_column][\/vc_row][vc_row foundry_padding=\u00bbpt0 pb0&#8243;][vc_column][vc_column_text] \u00c1rea geogr\u00e1fica \u00abA\u00bb Integrada por: todos los municipios de los estados de Baja California y Baja&#8230;<\/p>\n","protected":false},"author":1,"featured_media":309,"parent":0,"menu_order":0,"comment_status":"closed","ping_status":"closed","template":"","meta":{"jetpack_post_was_ever_published":false,"footnotes":""},"class_list":["post-310","page","type-page","status-publish","has-post-thumbnail","hentry"],"jetpack_sharing_enabled":true,"jetpack_shortlink":"https:\/\/wp.me\/P7L5kY-50","_links":{"self":[{"href":"https:\/\/quattromx.com\/main\/wp-json\/wp\/v2\/pages\/310","targetHints":{"allow":["GET"]}}],"collection":[{"href":"https:\/\/quattromx.com\/main\/wp-json\/wp\/v2\/pages"}],"about":[{"href":"https:\/\/quattromx.com\/main\/wp-json\/wp\/v2\/types\/page"}],"author":[{"embeddable":true,"href":"https:\/\/quattromx.com\/main\/wp-json\/wp\/v2\/users\/1"}],"replies":[{"embeddable":true,"href":"https:\/\/quattromx.com\/main\/wp-json\/wp\/v2\/comments?post=310"}],"version-history":[{"count":12,"href":"https:\/\/quattromx.com\/main\/wp-json\/wp\/v2\/pages\/310\/revisions"}],"predecessor-version":[{"id":444,"href":"https:\/\/quattromx.com\/main\/wp-json\/wp\/v2\/pages\/310\/revisions\/444"}],"wp:featuredmedia":[{"embeddable":true,"href":"https:\/\/quattromx.com\/main\/wp-json\/wp\/v2\/media\/309"}],"wp:attachment":[{"href":"https:\/\/quattromx.com\/main\/wp-json\/wp\/v2\/media?parent=310"}],"curies":[{"name":"wp","href":"https:\/\/api.w.org\/{rel}","templated":true}]}}