{"id":8,"date":"2016-06-22T00:44:40","date_gmt":"2016-06-22T00:44:40","guid":{"rendered":"http:\/\/quattromx.com\/main\/?page_id=8"},"modified":"2016-07-27T11:42:53","modified_gmt":"2016-07-27T18:42:53","slug":"inicio","status":"publish","type":"page","link":"https:\/\/quattromx.com\/main\/","title":{"rendered":"Inicio"},"content":{"rendered":"<div class=\"wpb-content-wrapper\"><p>[vc_row full_width=\u00bbstretch_row\u00bb foundry_padding=\u00bbpt0 pb0&#8243;][vc_column]<section class=\"cover  image-slider slider-all-controls controls-inside parallax\" style=\"height: 480px;\"><ul class=\"slides\"><li class=\"overlay image-bg\" style=\"height: 480px;\"><div class=\"background-image-holder\"><img loading=\"lazy\" decoding=\"async\" width=\"1500\" height=\"710\" src=\"https:\/\/quattromx.com\/main\/wp-content\/uploads\/2016\/06\/Banner-Slide03.png\" class=\"background-image\" alt=\"\" srcset=\"https:\/\/quattromx.com\/main\/wp-content\/uploads\/2016\/06\/Banner-Slide03.png 1500w, https:\/\/quattromx.com\/main\/wp-content\/uploads\/2016\/06\/Banner-Slide03-300x142.png 300w, https:\/\/quattromx.com\/main\/wp-content\/uploads\/2016\/06\/Banner-Slide03-768x364.png 768w, https:\/\/quattromx.com\/main\/wp-content\/uploads\/2016\/06\/Banner-Slide03-1024x485.png 1024w\" sizes=\"auto, (max-width: 1500px) 100vw, 1500px\" \/><\/div>\t\n\t\t    <div class=\"container v-align-transform\">\n\t\t        <div class=\"row\">\n\t\t            <div class=\"col-md-12 col-sm-12\">\n\t\t                <p><img loading=\"lazy\" decoding=\"async\" class=\"size-medium wp-image-39 aligncenter\" src=\"http:\/\/quattromx.com\/main\/wp-content\/uploads\/2016\/06\/Banner-SlideLogo-300x57.png\" alt=\"Banner-SlideLogo\" width=\"300\" height=\"57\" srcset=\"https:\/\/quattromx.com\/main\/wp-content\/uploads\/2016\/06\/Banner-SlideLogo-300x57.png 300w, https:\/\/quattromx.com\/main\/wp-content\/uploads\/2016\/06\/Banner-SlideLogo.png 389w\" sizes=\"auto, (max-width: 300px) 100vw, 300px\" \/><\/p>\n<div class=\"espacio3\"><\/div>\n<p style=\"text-align: center;\"><a class=\"btn\" href=\"http:\/\/quattromx.com\/main\/servicios\/\">SERVICIOS<\/a><\/p>\n<p>\n\n\t\t            <\/div>\n\t\t        <\/div>\n\t\t    <\/div>\n\t\t<\/li><li class=\"overlay image-bg\" style=\"height: 480px;\"><div class=\"background-image-holder\"><img loading=\"lazy\" decoding=\"async\" width=\"1500\" height=\"710\" src=\"https:\/\/quattromx.com\/main\/wp-content\/uploads\/2016\/06\/Banner-Slide02.png\" class=\"background-image\" alt=\"\" srcset=\"https:\/\/quattromx.com\/main\/wp-content\/uploads\/2016\/06\/Banner-Slide02.png 1500w, https:\/\/quattromx.com\/main\/wp-content\/uploads\/2016\/06\/Banner-Slide02-300x142.png 300w, https:\/\/quattromx.com\/main\/wp-content\/uploads\/2016\/06\/Banner-Slide02-768x364.png 768w, https:\/\/quattromx.com\/main\/wp-content\/uploads\/2016\/06\/Banner-Slide02-1024x485.png 1024w\" sizes=\"auto, (max-width: 1500px) 100vw, 1500px\" \/><\/div>\t\n\t\t    <div class=\"container v-align-transform\">\n\t\t        <div class=\"row\">\n\t\t            <div class=\"col-md-12 col-sm-12\">\n\t\t                <p><img loading=\"lazy\" decoding=\"async\" class=\"size-medium wp-image-39 aligncenter\" src=\"http:\/\/quattromx.com\/main\/wp-content\/uploads\/2016\/06\/Banner-SlideLogo-300x57.png\" alt=\"Banner-SlideLogo\" width=\"300\" height=\"57\" srcset=\"https:\/\/quattromx.com\/main\/wp-content\/uploads\/2016\/06\/Banner-SlideLogo-300x57.png 300w, https:\/\/quattromx.com\/main\/wp-content\/uploads\/2016\/06\/Banner-SlideLogo.png 389w\" sizes=\"auto, (max-width: 300px) 100vw, 300px\" \/><\/p>\n<div class=\"espacio3\"><\/div>\n<p style=\"text-align: center;\"><a class=\"btn\" href=\"http:\/\/quattromx.com\/main\/#indicadores\">INDICADORES<\/a><\/p>\n<p>\n\n\t\t            <\/div>\n\t\t        <\/div>\n\t\t    <\/div>\n\t\t<\/li><li class=\"overlay image-bg\" style=\"height: 480px;\"><div class=\"background-image-holder\"><img loading=\"lazy\" decoding=\"async\" width=\"1500\" height=\"710\" src=\"https:\/\/quattromx.com\/main\/wp-content\/uploads\/2016\/06\/Banner-Slide01-1.jpg\" class=\"background-image\" alt=\"\" srcset=\"https:\/\/quattromx.com\/main\/wp-content\/uploads\/2016\/06\/Banner-Slide01-1.jpg 1500w, https:\/\/quattromx.com\/main\/wp-content\/uploads\/2016\/06\/Banner-Slide01-1-300x142.jpg 300w, https:\/\/quattromx.com\/main\/wp-content\/uploads\/2016\/06\/Banner-Slide01-1-768x364.jpg 768w, https:\/\/quattromx.com\/main\/wp-content\/uploads\/2016\/06\/Banner-Slide01-1-1024x485.jpg 1024w\" sizes=\"auto, (max-width: 1500px) 100vw, 1500px\" \/><\/div>\t\n\t\t    <div class=\"container v-align-transform\">\n\t\t        <div class=\"row\">\n\t\t            <div class=\"col-md-12 col-sm-12\">\n\t\t                <p><img loading=\"lazy\" decoding=\"async\" class=\"size-medium wp-image-39 aligncenter\" src=\"http:\/\/quattromx.com\/main\/wp-content\/uploads\/2016\/06\/Banner-SlideLogo-300x57.png\" alt=\"Banner-SlideLogo\" width=\"300\" height=\"57\" srcset=\"https:\/\/quattromx.com\/main\/wp-content\/uploads\/2016\/06\/Banner-SlideLogo-300x57.png 300w, https:\/\/quattromx.com\/main\/wp-content\/uploads\/2016\/06\/Banner-SlideLogo.png 389w\" sizes=\"auto, (max-width: 300px) 100vw, 300px\" \/><\/p>\n<div class=\"espacio3\"><\/div>\n<p style=\"text-align: center;\"><a class=\"btn\" href=\"http:\/\/quattromx.com\/main\/nosotros\/\">NOSOTROS<\/a><\/p>\n<p>\n\n\t\t            <\/div>\n\t\t        <\/div>\n\t\t    <\/div>\n\t\t<\/li><li class=\"overlay image-bg\" style=\"height: 480px;\"><div class=\"background-image-holder\"><img loading=\"lazy\" decoding=\"async\" width=\"1500\" height=\"703\" src=\"https:\/\/quattromx.com\/main\/wp-content\/uploads\/2016\/06\/Banner-Slide06.jpg\" class=\"background-image\" alt=\"\" srcset=\"https:\/\/quattromx.com\/main\/wp-content\/uploads\/2016\/06\/Banner-Slide06.jpg 1500w, https:\/\/quattromx.com\/main\/wp-content\/uploads\/2016\/06\/Banner-Slide06-300x141.jpg 300w, https:\/\/quattromx.com\/main\/wp-content\/uploads\/2016\/06\/Banner-Slide06-768x360.jpg 768w, https:\/\/quattromx.com\/main\/wp-content\/uploads\/2016\/06\/Banner-Slide06-1024x480.jpg 1024w\" sizes=\"auto, (max-width: 1500px) 100vw, 1500px\" \/><\/div>\t\n\t\t    <div class=\"container v-align-transform\">\n\t\t        <div class=\"row\">\n\t\t            <div class=\"col-md-12 col-sm-12\">\n\t\t                <p><img loading=\"lazy\" decoding=\"async\" class=\"size-medium wp-image-39 aligncenter\" src=\"http:\/\/quattromx.com\/main\/wp-content\/uploads\/2016\/06\/Banner-SlideLogo-300x57.png\" alt=\"Banner-SlideLogo\" width=\"300\" height=\"57\" srcset=\"https:\/\/quattromx.com\/main\/wp-content\/uploads\/2016\/06\/Banner-SlideLogo-300x57.png 300w, https:\/\/quattromx.com\/main\/wp-content\/uploads\/2016\/06\/Banner-SlideLogo.png 389w\" sizes=\"auto, (max-width: 300px) 100vw, 300px\" \/><\/p>\n<div class=\"espacio3\"><\/div>\n<p style=\"text-align: center;\"><a class=\"btn\" href=\"http:\/\/quattromx.com\/main\/contacto\/\">CONTACTO<\/a><\/p>\n<p>\n\n\t\t            <\/div>\n\t\t        <\/div>\n\t\t    <\/div>\n\t\t<\/li><\/ul><\/section>[\/vc_column][\/vc_row][vc_row full_width=\u00bbstretch_row\u00bb full_height=\u00bbyes\u00bb foundry_padding=\u00bbpt0 pb0&#8243; css=\u00bb.vc_custom_1467848642879{background-image: url(http:\/\/quattromx.com\/main\/wp-content\/uploads\/2016\/06\/inicio.png?id=13) !important;background-position: center !important;background-repeat: no-repeat !important;background-size: cover !important;}\u00bb][vc_column][vc_row_inner][vc_column_inner offset=\u00bbvc_hidden-md vc_hidden-sm vc_hidden-xs\u00bb][vc_empty_space height=\u00bb180px\u00bb][\/vc_column_inner][\/vc_row_inner][vc_row_inner][vc_column_inner width=\u00bb1\/6&#8243;][\/vc_column_inner][vc_column_inner width=\u00bb2\/3&#8243;][vc_column_text]<\/p>\n<h2><span style=\"color: #31d5aa;\">NUESTROS SERVICIOS<\/span><\/h2>\n<p>[\/vc_column_text][\/vc_column_inner][vc_column_inner width=\u00bb1\/6&#8243;][\/vc_column_inner][\/vc_row_inner][vc_row_inner][vc_column_inner offset=\u00bbvc_hidden-md vc_hidden-sm vc_hidden-xs\u00bb][vc_empty_space height=\u00bb80px\u00bb][\/vc_column_inner][\/vc_row_inner][vc_row_inner el_class=\u00bbfondotransparente\u00bb][vc_column_inner width=\u00bb1\/6&#8243;][\/vc_column_inner][vc_column_inner width=\u00bb1\/6&#8243;][vc_column_text]<\/p>\n<p style=\"text-align: center;\"><a class=\"btn\" href=\"http:\/\/quattromx.com\/main\/servicios\/#fiscal\">FISCAL<\/a><\/p>\n<p>[\/vc_column_text][\/vc_column_inner][vc_column_inner width=\u00bb1\/6&#8243;][vc_column_text]<\/p>\n<p style=\"text-align: center;\"><a class=\"btn\" href=\"http:\/\/quattromx.com\/main\/servicios\/#legal\">LEGAL<\/a><\/p>\n<p>[\/vc_column_text][\/vc_column_inner][vc_column_inner width=\u00bb1\/6&#8243;][vc_column_text]<\/p>\n<p style=\"text-align: center;\"><a class=\"btn\" href=\"http:\/\/quattromx.com\/main\/servicios\/#auditoria\">AUDITOR\u00cdA<\/a><\/p>\n<p>[\/vc_column_text][\/vc_column_inner][vc_column_inner width=\u00bb1\/6&#8243;][vc_column_text]<\/p>\n<p style=\"text-align: center;\"><a class=\"btn\" href=\"http:\/\/quattromx.com\/main\/servicios\/#comercioexterior\">COMERCIO EXTERIOR<\/a><\/p>\n<p>[\/vc_column_text][\/vc_column_inner][vc_column_inner width=\u00bb1\/6&#8243;][\/vc_column_inner][\/vc_row_inner][\/vc_column][\/vc_row][vc_row equal_height=\u00bbyes\u00bb foundry_parallax=\u00bbnot-parallax\u00bb css=\u00bb.vc_custom_1467418597048{background-image: url(http:\/\/quattromx.com\/main\/wp-content\/uploads\/2016\/06\/Banner_Conocenos2.jpg?id=246) !important;background-position: center !important;background-repeat: no-repeat !important;background-size: cover !important;}\u00bb][vc_column][vc_column_text]<\/p>\n<h2 style=\"text-align: center;\"><span style=\"color: #31d5aa;\">\u00a0CONTAMOS CON UN ENFOQUE DIRECTO <\/span><br \/>\n<span style=\"color: #31d5aa;\">PARA LOGRAR\u00a0EL \u00c9XITO DE <\/span><br \/>\n<span style=\"color: #31d5aa;\">NUESTROS CLIENTES\u00a0<\/span><\/h2>\n<p style=\"text-align: center;\"><a class=\"btn\" href=\"http:\/\/quattromx.com\/main\/nosotros\/\">CON\u00d3CENOS<\/a><\/p>\n<p>[\/vc_column_text][\/vc_column][\/vc_row][vc_row css=\u00bb.vc_custom_1468359353974{background-image: url(http:\/\/quattromx.com\/main\/wp-content\/uploads\/2016\/06\/Banner_Blog3.jpg?id=217) !important;}\u00bb el_id=\u00bbindicadores\u00bb][vc_column][vc_row_inner][vc_column_inner width=\u00bb1\/2&#8243;][vc_column_text]<\/p>\n<h2><span style=\"color: #ffffff;\">INDICADORES<\/span><\/h2>\n<h4 style=\"text-align: left;\"><a href=\"http:\/\/quattromx.com\/main\/tipodecambio\/\">Tipo de Cambio<\/a><\/h4>\n<div class=\"rowseparacion\">\n<div>\n<p style=\"color: #31d4a9; font-size: 18px; padding-top: 9px;\">[insert_php]echo date_i18n( get_option( &#8216;date_format&#8217; ), strtotime( &#8217;11\/15-1976&#8242; ) );[\/insert_php]<\/p>\n<\/div>\n<div>\n<h4><a href=\"http:\/\/quattromx.com\/main\/tipodecambio\/\">[insert_php] $datos = datosdos();<br \/>\necho $datos[0]; [\/insert_php]<\/a><\/h4>\n<\/div>\n<\/div>\n<h4 style=\"text-align: left;\"><a href=\"http:\/\/quattromx.com\/main\/inpc\/\">INPC<\/a><\/h4>\n<div class=\"rowseparacion2\">\n<div>\n<p style=\"color: #31d4a9; font-size: 16px; padding-top: 8px;\">[insert_php]$datos = datosdos();<br \/>\necho $datos[2];[\/insert_php]<\/p>\n<\/div>\n<div>\n<h4><a href=\"http:\/\/quattromx.com\/main\/inpc\/\">[insert_php] $datos = datosdos();<br \/>\necho $datos[1]; [\/insert_php]<\/a><\/h4>\n<\/div>\n<\/div>\n<p>[\/vc_column_text][vc_column_text]<\/p>\n<h4><a href=\"http:\/\/quattromx.com\/main\/calendario\/\">Calendario de Obligaciones Fiscales<\/a><\/h4>\n<h4><a href=\"http:\/\/quattromx.com\/main\/tasas-de-recargos-historicas\/\">Tasas de Recargos Hist\u00f3ricas<\/a><\/h4>\n<h4><a href=\"http:\/\/quattromx.com\/main\/salarios-minimos-historicos\/\">Salarios M\u00ednimos Hist\u00f3ricos<\/a><\/h4>\n<h4><a href=\"http:\/\/quattromx.com\/main\/cuotas-obrero-patronales\/\">Cuotas Obrero Patronales<\/a><\/h4>\n<h4><a href=\"http:\/\/quattromx.com\/main\/tablas-de-isr\/\">Tablas de ISR<\/a><\/h4>\n<p>[\/vc_column_text][\/vc_column_inner][vc_column_inner width=\u00bb1\/2&#8243; offset=\u00bbvc_hidden-md vc_hidden-sm vc_hidden-xs\u00bb][vc_column_text]<\/p>\n<h2><span style=\"color: #ffffff;\">BOLETINES<\/span><\/h2>\n<p>[\/vc_column_text]\t\n\t\t\t\n\t\t<div class=\"row mb40\">\n\t\t\t<div class=\"col-sm-4\">\n\n    <a href=\"https:\/\/quattromx.com\/main\/cfdi-3-3-validacion-de-limites-como-y-cuando\/\">\n        <img loading=\"lazy\" decoding=\"async\" width=\"240\" height=\"240\" src=\"https:\/\/quattromx.com\/main\/wp-content\/uploads\/2017\/08\/Validacion.jpg\" class=\"mb24 wp-post-image\" alt=\"\" srcset=\"https:\/\/quattromx.com\/main\/wp-content\/uploads\/2017\/08\/Validacion.jpg 240w, https:\/\/quattromx.com\/main\/wp-content\/uploads\/2017\/08\/Validacion-150x150.jpg 150w, https:\/\/quattromx.com\/main\/wp-content\/uploads\/2017\/08\/Validacion-60x60.jpg 60w\" sizes=\"auto, (max-width: 240px) 100vw, 240px\" \/>    <\/a>\n    \n    <a href=\"https:\/\/quattromx.com\/main\/cfdi-3-3-validacion-de-limites-como-y-cuando\/\"><h4 class=\"mb8\">CFDi 3.3: Validaci\u00f3n de l\u00edmites \u00bfC\u00f3mo y cu\u00e1ndo?<\/h4><\/a>    \n    <ul class=\"list-inline mb16\">\n        <li>8 agosto, 2017<\/li>\n        <li><a href=\"https:\/\/quattromx.com\/main\/author\/quattro\/\" title=\"Entradas de quattro\" rel=\"author\">quattro<\/a><\/li>\n        <li><span class=\"label\"><a href=\"https:\/\/quattromx.com\/main\/category\/fiscal\/\" rel=\"category tag\">Fiscal<\/a><\/span><\/li>\n    <\/ul>\n    \n    <p class=\"mb0\">Dentro de las caracter\u00edsticas de la versi\u00f3n 3.3 del Comprobante Fiscal Digital por Internet (CFDi), se encuentra la validaci\u00f3n de algunos...<\/p>\n    \n<\/div><div class=\"col-sm-4\">\n\n    <a href=\"https:\/\/quattromx.com\/main\/constancias-de-retencion-de-isr-por-salarios-aun-se-entregan\/\">\n        <img loading=\"lazy\" decoding=\"async\" width=\"359\" height=\"240\" src=\"https:\/\/quattromx.com\/main\/wp-content\/uploads\/2017\/01\/Constancia-ISR-Sueldos.jpg\" class=\"mb24 wp-post-image\" alt=\"\" srcset=\"https:\/\/quattromx.com\/main\/wp-content\/uploads\/2017\/01\/Constancia-ISR-Sueldos.jpg 359w, https:\/\/quattromx.com\/main\/wp-content\/uploads\/2017\/01\/Constancia-ISR-Sueldos-300x201.jpg 300w\" sizes=\"auto, (max-width: 359px) 100vw, 359px\" \/>    <\/a>\n    \n    <a href=\"https:\/\/quattromx.com\/main\/constancias-de-retencion-de-isr-por-salarios-aun-se-entregan\/\"><h4 class=\"mb8\">Constancias de retenci\u00f3n de ISR por salarios \u00bfA\u00fan se entregan?<\/h4><\/a>    \n    <ul class=\"list-inline mb16\">\n        <li>31 enero, 2017<\/li>\n        <li><a href=\"https:\/\/quattromx.com\/main\/author\/quattro\/\" title=\"Entradas de quattro\" rel=\"author\">quattro<\/a><\/li>\n        <li><span class=\"label\"><a href=\"https:\/\/quattromx.com\/main\/category\/fiscal\/\" rel=\"category tag\">Fiscal<\/a><\/span><\/li>\n    <\/ul>\n    \n    <p class=\"mb0\">La obligaci\u00f3n de entregar constancias de retenci\u00f3n a los trabajadores por los ingresos percibidos en el ejercicio, a\u00fan persiste para el...<\/p>\n    \n<\/div>\t\n\t\t<\/div>\n\t\t\n\t\t\t\t\n\t\t\t\t\n[\/vc_column_inner][\/vc_row_inner][\/vc_column][\/vc_row][vc_row foundry_parallax=\u00bbnot-parallax\u00bb css=\u00bb.vc_custom_1469585607164{background-image: url(http:\/\/quattromx.com\/main\/wp-content\/uploads\/2016\/07\/Banner-Contacto.jpg?id=409) !important;background-position: center !important;background-repeat: no-repeat !important;background-size: cover !important;}\u00bb][vc_column width=\u00bb1\/2&#8243;][vc_column_text]<\/p>\n<h2><span style=\"color: #31d5aa;\">CONT\u00c1CTANOS<\/span><\/h2>\n<p><span style=\"color: #414042;\">Paseo Centenario 10310 605<\/span><br \/>\n<span style=\"color: #414042;\">Zona Urbana R\u00edo Tijuana<\/span><br \/>\n<span style=\"color: #414042;\">Tijuana, B. C. M\u00e9xico<\/span><br \/>\n<span style=\"color: #414042;\">C.P. 22010<\/span>[\/vc_column_text][vc_row_inner][vc_column_inner width=\u00bb2\/3&#8243;][vc_separator color=\u00bbcustom\u00bb accent_color=\u00bb#31d5aa\u00bb][\/vc_column_inner][vc_column_inner width=\u00bb1\/3&#8243;][\/vc_column_inner][\/vc_row_inner][vc_column_text]<span style=\"color: #414042;\">contacto@quattromx.com<\/span><\/p>\n<p><span style=\"color: #414042;\">+52 (664) 215 5331<\/span>[\/vc_column_text][\/vc_column][vc_column width=\u00bb1\/2&#8243;]<div role=\"form\" class=\"wpcf7\" id=\"wpcf7-f59-o1\" lang=\"en-US\" dir=\"ltr\">\n<div class=\"screen-reader-response\"><\/div>\n<form action=\"\/main\/wp-json\/wp\/v2\/pages\/8#wpcf7-f59-o1\" method=\"post\" class=\"wpcf7-form\" novalidate=\"novalidate\">\n<div style=\"display: none;\">\n<input type=\"hidden\" name=\"_wpcf7\" value=\"59\" \/>\n<input type=\"hidden\" name=\"_wpcf7_version\" value=\"4.4.2\" \/>\n<input type=\"hidden\" name=\"_wpcf7_locale\" value=\"en_US\" \/>\n<input type=\"hidden\" name=\"_wpcf7_unit_tag\" value=\"wpcf7-f59-o1\" \/>\n<input type=\"hidden\" name=\"_wpnonce\" value=\"03f28c87f5\" \/>\n<\/div>\n<p>\n    <span class=\"wpcf7-form-control-wrap your-name\"><input type=\"text\" name=\"your-name\" value=\"\" size=\"40\" class=\"wpcf7-form-control wpcf7-text wpcf7-validates-as-required\" aria-required=\"true\" aria-invalid=\"false\" placeholder=\"NOMBRE\" \/><\/span> <\/p>\n<p>\n    <span class=\"wpcf7-form-control-wrap your-email\"><input type=\"email\" name=\"your-email\" value=\"\" size=\"40\" class=\"wpcf7-form-control wpcf7-text wpcf7-email wpcf7-validates-as-required wpcf7-validates-as-email\" aria-required=\"true\" aria-invalid=\"false\" placeholder=\"EMAIL*\" \/><\/span> <\/p>\n<p>\n<span class=\"wpcf7-form-control-wrap your-phone\"><input type=\"text\" name=\"your-phone\" value=\"\" size=\"40\" class=\"wpcf7-form-control wpcf7-text\" aria-invalid=\"false\" placeholder=\"ASUNTO\" \/><\/span><\/p>\n<p>\n    <span class=\"wpcf7-form-control-wrap your-message\"><textarea name=\"your-message\" cols=\"40\" rows=\"10\" class=\"wpcf7-form-control wpcf7-textarea\" aria-invalid=\"false\" placeholder=\"MENSAJE\"><\/textarea><\/span> <\/p>\n<p><input type=\"submit\" value=\"ENVIAR\" class=\"wpcf7-form-control wpcf7-submit\" \/><\/p>\n<div class=\"wpcf7-response-output wpcf7-display-none\"><\/div><\/form><\/div>[vc_empty_space][\/vc_column][\/vc_row]<\/p>\n<\/div>","protected":false},"excerpt":{"rendered":"<p>[vc_row full_width=\u00bbstretch_row\u00bb foundry_padding=\u00bbpt0 pb0&#8243;][vc_column][\/vc_column][\/vc_row][vc_row full_width=\u00bbstretch_row\u00bb full_height=\u00bbyes\u00bb foundry_padding=\u00bbpt0 pb0&#8243; css=\u00bb.vc_custom_1467848642879{background-image: url(http:\/\/quattromx.com\/main\/wp-content\/uploads\/2016\/06\/inicio.png?id=13) !important;background-position: center !important;background-repeat: no-repeat !important;background-size: cover !important;}\u00bb][vc_column][vc_row_inner][vc_column_inner offset=\u00bbvc_hidden-md vc_hidden-sm vc_hidden-xs\u00bb][vc_empty_space height=\u00bb180px\u00bb][\/vc_column_inner][\/vc_row_inner][vc_row_inner][vc_column_inner&#8230;<\/p>\n","protected":false},"author":1,"featured_media":0,"parent":0,"menu_order":0,"comment_status":"closed","ping_status":"closed","template":"","meta":{"jetpack_post_was_ever_published":false,"footnotes":""},"class_list":["post-8","page","type-page","status-publish","hentry"],"jetpack_sharing_enabled":true,"jetpack_shortlink":"https:\/\/wp.me\/P7L5kY-8","_links":{"self":[{"href":"https:\/\/quattromx.com\/main\/wp-json\/wp\/v2\/pages\/8","targetHints":{"allow":["GET"]}}],"collection":[{"href":"https:\/\/quattromx.com\/main\/wp-json\/wp\/v2\/pages"}],"about":[{"href":"https:\/\/quattromx.com\/main\/wp-json\/wp\/v2\/types\/page"}],"author":[{"embeddable":true,"href":"https:\/\/quattromx.com\/main\/wp-json\/wp\/v2\/users\/1"}],"replies":[{"embeddable":true,"href":"https:\/\/quattromx.com\/main\/wp-json\/wp\/v2\/comments?post=8"}],"version-history":[{"count":172,"href":"https:\/\/quattromx.com\/main\/wp-json\/wp\/v2\/pages\/8\/revisions"}],"predecessor-version":[{"id":429,"href":"https:\/\/quattromx.com\/main\/wp-json\/wp\/v2\/pages\/8\/revisions\/429"}],"wp:attachment":[{"href":"https:\/\/quattromx.com\/main\/wp-json\/wp\/v2\/media?parent=8"}],"curies":[{"name":"wp","href":"https:\/\/api.w.org\/{rel}","templated":true}]}}